{"id":843,"date":"2018-06-24T09:11:12","date_gmt":"2018-06-24T09:11:12","guid":{"rendered":"http:\/\/www.anabautistas.org\/?page_id=843"},"modified":"2021-09-15T13:48:15","modified_gmt":"2021-09-15T13:48:15","slug":"direccion-de-la-iglesia-de-figueres-girona","status":"publish","type":"page","link":"https:\/\/anabautistas.org\/?page_id=843","title":{"rendered":"Iglesia de Figueres (Girona)"},"content":{"rendered":"<p>Iglesia de los Hermanos en Cristo. Carrer del Sud, local n\u00fam. 4, Figueres, Girona.<\/p>\n<p>Los domingos la reuni\u00f3n es de 11.00 a 12:30. Los jueves hay reuni\u00f3n de oraci\u00f3n de 7:30 a 8:30<\/p>\n<p>Tel\u00e9fono de contacto: 640 57 42 19<\/p>\n<p>E-mail: jmezaramirez(aqu\u00ed la se\u00f1al de la arroba)hotmail.com.<\/p>\n<p><iframe loading=\"lazy\" src=\"https:\/\/www.google.com\/maps\/embed?pb=!1m18!1m12!1m3!1d1476.349047804412!2d2.9653040562394386!3d42.263619376592644!2m3!1f0!2f0!3f0!3m2!1i1024!2i768!4f13.1!3m3!1m2!1s0x12ba8dc595df9413%3A0xf051bbfffa30b176!2sCarrer+del+Sud%2C+4%2C+17600+Figueres%2C+Girona!5e0!3m2!1ses!2ses!4v1529831336180\" width=\"600\" height=\"450\" frameborder=\"0\" allowfullscreen=\"allowfullscreen\" data-mce-fragment=\"1\"><\/iframe><\/p>\n<p><strong>\u00a0<\/strong><\/p>\n","protected":false},"excerpt":{"rendered":"<p>Iglesia de los Hermanos en Cristo. Carrer del Sud, local n\u00fam. 4, Figueres, Girona. Los domingos la reuni\u00f3n es de 11.00 a 12:30. Los jueves&hellip;<\/p>\n","protected":false},"author":3,"featured_media":0,"parent":786,"menu_order":0,"comment_status":"closed","ping_status":"closed","template":"","meta":{"footnotes":""},"class_list":["post-843","page","type-page","status-publish","hentry"],"_links":{"self":[{"href":"https:\/\/anabautistas.org\/index.php?rest_route=\/wp\/v2\/pages\/843"}],"collection":[{"href":"https:\/\/anabautistas.org\/index.php?rest_route=\/wp\/v2\/pages"}],"about":[{"href":"https:\/\/anabautistas.org\/index.php?rest_route=\/wp\/v2\/types\/page"}],"author":[{"embeddable":true,"href":"https:\/\/anabautistas.org\/index.php?rest_route=\/wp\/v2\/users\/3"}],"replies":[{"embeddable":true,"href":"https:\/\/anabautistas.org\/index.php?rest_route=%2Fwp%2Fv2%2Fcomments&post=843"}],"version-history":[{"count":4,"href":"https:\/\/anabautistas.org\/index.php?rest_route=\/wp\/v2\/pages\/843\/revisions"}],"predecessor-version":[{"id":1156,"href":"https:\/\/anabautistas.org\/index.php?rest_route=\/wp\/v2\/pages\/843\/revisions\/1156"}],"up":[{"embeddable":true,"href":"https:\/\/anabautistas.org\/index.php?rest_route=\/wp\/v2\/pages\/786"}],"wp:attachment":[{"href":"https:\/\/anabautistas.org\/index.php?rest_route=%2Fwp%2Fv2%2Fmedia&parent=843"}],"curies":[{"name":"wp","href":"https:\/\/api.w.org\/{rel}","templated":true}]}}