{"id":65,"date":"2007-10-22T14:40:52","date_gmt":"2007-10-22T14:40:52","guid":{"rendered":"http:\/\/anabautistas.org\/portal\/?page_id=65"},"modified":"2021-09-15T09:35:27","modified_gmt":"2021-09-15T09:35:27","slug":"dirk-willens","status":"publish","type":"page","link":"https:\/\/anabautistas.org\/?page_id=65","title":{"rendered":"Dirk Willens"},"content":{"rendered":"<p><a href=\"https:\/\/anabautistas.org\/wp-content\/uploads\/2018\/06\/Dirk-Willems-Sepia-large-e1449587436803.jpg\"><img loading=\"lazy\" decoding=\"async\" class=\"size-medium wp-image-857 alignleft\" src=\"https:\/\/anabautistas.org\/wp-content\/uploads\/2018\/06\/Dirk-Willems-Sepia-large-e1449587436803-300x155.jpg\" alt=\"\" width=\"300\" height=\"155\" srcset=\"https:\/\/anabautistas.org\/wp-content\/uploads\/2018\/06\/Dirk-Willems-Sepia-large-e1449587436803-300x155.jpg 300w, https:\/\/anabautistas.org\/wp-content\/uploads\/2018\/06\/Dirk-Willems-Sepia-large-e1449587436803-768x397.jpg 768w, https:\/\/anabautistas.org\/wp-content\/uploads\/2018\/06\/Dirk-Willems-Sepia-large-e1449587436803-1024x529.jpg 1024w\" sizes=\"(max-width: 300px) 100vw, 300px\" \/><\/a>Uno de los tesoros de la historia anabautista es el libro titulado Espejo de los M\u00e1rtires, de van Braght. La segunda edici\u00f3n de 1685 fue acompa\u00f1ada de 104 grabados del artista Jan Luyken. Uno de los relatos que los anabautistas siempre han apreciado muy especialmente, porque refleja lo m\u00e1s profundo de sus convicciones, es la historia de Dirk Willems. Por eso el grabado de Jan Luyken ha sido reproducido cientos de veces, y todav\u00ed\u00ada hoy muchas familias anabautistas cuentan esa historia a sus hijos. Una parte de la informaci\u00f3n que tenemos sobre el suceso viene de la tradici\u00f3n oral conservada en la villa de Asperen (Holanda), donde tuvieron lugar los hechos, y donde ya no hay anabautistas. En el a\u00f1o 1569 Dirk Willems fue capturado, juzgado y condenado por anabautista a finales del terrible gobierno del Duque de Alba en Flandes. Dirk consigui\u00f3 escapar del castillo-prisi\u00f3n por una ventana, usando una cuerda hecha de trapos atados, y dej\u00e1ndose caer sobre el hielo que cubr\u00ed\u00ada el foso. Un guardia lo persigue. Dirk logra cruzar sobre el hielo el r\u00ed\u00ado Hondegat, debido al poco peso que ten\u00ed\u00ada despu\u00e9s del tiempo pasado en la prisi\u00f3n. Pero el guardia, m\u00e1s pesado, se hunde. Al escuchar el grito del guardia pidiendo ayuda, Dirk se vuelve y lo rescata. Pero entonces el guardia lo captura. Dirk fue quemado en la hoguera poco despu\u00e9s.<\/p>\n<p>\u00abAs\u00ed\u00ad que, si tu enemigo tiene hambre, dale de comer; si tiene sed, dale de beber, pues haciendo esto, har\u00e1s que le arda la cara de verg\u00fcenza. No seas vencido de lo malo, sino vence al mal con el bien\u00bb (Romanos 12:20-21).<\/p>\n","protected":false},"excerpt":{"rendered":"<p>Uno de los tesoros de la historia anabautista es el libro titulado Espejo de los M\u00e1rtires, de van Braght. La segunda edici\u00f3n de 1685 fue&hellip;<\/p>\n","protected":false},"author":3,"featured_media":0,"parent":10,"menu_order":70,"comment_status":"closed","ping_status":"closed","template":"","meta":{"footnotes":""},"class_list":["post-65","page","type-page","status-publish","hentry"],"_links":{"self":[{"href":"https:\/\/anabautistas.org\/index.php?rest_route=\/wp\/v2\/pages\/65"}],"collection":[{"href":"https:\/\/anabautistas.org\/index.php?rest_route=\/wp\/v2\/pages"}],"about":[{"href":"https:\/\/anabautistas.org\/index.php?rest_route=\/wp\/v2\/types\/page"}],"author":[{"embeddable":true,"href":"https:\/\/anabautistas.org\/index.php?rest_route=\/wp\/v2\/users\/3"}],"replies":[{"embeddable":true,"href":"https:\/\/anabautistas.org\/index.php?rest_route=%2Fwp%2Fv2%2Fcomments&post=65"}],"version-history":[{"count":4,"href":"https:\/\/anabautistas.org\/index.php?rest_route=\/wp\/v2\/pages\/65\/revisions"}],"predecessor-version":[{"id":1126,"href":"https:\/\/anabautistas.org\/index.php?rest_route=\/wp\/v2\/pages\/65\/revisions\/1126"}],"up":[{"embeddable":true,"href":"https:\/\/anabautistas.org\/index.php?rest_route=\/wp\/v2\/pages\/10"}],"wp:attachment":[{"href":"https:\/\/anabautistas.org\/index.php?rest_route=%2Fwp%2Fv2%2Fmedia&parent=65"}],"curies":[{"name":"wp","href":"https:\/\/api.w.org\/{rel}","templated":true}]}}