{"id":46,"date":"2007-10-17T08:38:23","date_gmt":"2007-10-17T08:38:23","guid":{"rendered":"http:\/\/anabautistas.org\/portal\/?page_id=46"},"modified":"2021-09-16T09:50:19","modified_gmt":"2021-09-16T09:50:19","slug":"documentos","status":"publish","type":"page","link":"https:\/\/anabautistas.org\/?page_id=46","title":{"rendered":"Documentos"},"content":{"rendered":"\r\n<p>En esta secci\u00f3n encontrar\u00e1s diversos documentos que, en distintas maneras, sirven para orientar nuestra vida y nuestra pr\u00e1ctica.<\/p>\r\n\n<!-- Page-list plugin v.5.6 wordpress.org\/plugins\/page-list\/ -->\n<ul class=\"page-list subpages-page-list \">\n<li class=\"page_item page-item-47\"><a href=\"https:\/\/anabautistas.org\/?page_id=47\">Art\u00ed\u00adculos de fe y doctrina de los Hermanos en Cristo<\/a><\/li>\n<li class=\"page_item page-item-186\"><a href=\"https:\/\/anabautistas.org\/?page_id=186\">Convicciones compartidas<\/a><\/li>\n<li class=\"page_item page-item-48\"><a href=\"https:\/\/anabautistas.org\/?page_id=48\">Pacto de iglesia<\/a><\/li>\n<li class=\"page_item page-item-45\"><a href=\"https:\/\/anabautistas.org\/?page_id=45\">Serm\u00f3n del monte<\/a><\/li>\n\n<\/ul>\r\n","protected":false},"excerpt":{"rendered":"<p>En esta secci\u00f3n encontrar\u00e1s diversos documentos que, en distintas maneras, sirven para orientar nuestra vida y nuestra pr\u00e1ctica.<\/p>\n","protected":false},"author":3,"featured_media":0,"parent":0,"menu_order":6,"comment_status":"closed","ping_status":"closed","template":"","meta":{"footnotes":""},"class_list":["post-46","page","type-page","status-publish","hentry"],"_links":{"self":[{"href":"https:\/\/anabautistas.org\/index.php?rest_route=\/wp\/v2\/pages\/46"}],"collection":[{"href":"https:\/\/anabautistas.org\/index.php?rest_route=\/wp\/v2\/pages"}],"about":[{"href":"https:\/\/anabautistas.org\/index.php?rest_route=\/wp\/v2\/types\/page"}],"author":[{"embeddable":true,"href":"https:\/\/anabautistas.org\/index.php?rest_route=\/wp\/v2\/users\/3"}],"replies":[{"embeddable":true,"href":"https:\/\/anabautistas.org\/index.php?rest_route=%2Fwp%2Fv2%2Fcomments&post=46"}],"version-history":[{"count":6,"href":"https:\/\/anabautistas.org\/index.php?rest_route=\/wp\/v2\/pages\/46\/revisions"}],"predecessor-version":[{"id":1234,"href":"https:\/\/anabautistas.org\/index.php?rest_route=\/wp\/v2\/pages\/46\/revisions\/1234"}],"wp:attachment":[{"href":"https:\/\/anabautistas.org\/index.php?rest_route=%2Fwp%2Fv2%2Fmedia&parent=46"}],"curies":[{"name":"wp","href":"https:\/\/api.w.org\/{rel}","templated":true}]}}