{"id":43,"date":"2007-10-17T08:12:09","date_gmt":"2007-10-17T08:12:09","guid":{"rendered":"http:\/\/anabautistas.org\/portal\/?page_id=43"},"modified":"2021-09-16T09:39:44","modified_gmt":"2021-09-16T09:39:44","slug":"ayudas","status":"publish","type":"page","link":"https:\/\/anabautistas.org\/?page_id=43","title":{"rendered":"Recursos"},"content":{"rendered":"<p>En esta secci\u00f3n, siguiendo los men\u00fas, puedes encontrar distintos materiales que pueden ser \u00fatiles para la vida cristiana, personal y comunitaria.<\/p>\n\n<!-- Page-list plugin v.5.6 wordpress.org\/plugins\/page-list\/ -->\n<ul class=\"page-list subpages-page-list \">\n<li class=\"page_item page-item-1092\"><a href=\"https:\/\/anabautistas.org\/?page_id=1092\">Ahora entiendo el evangelio<\/a><\/li>\n<li class=\"page_item page-item-1131\"><a href=\"https:\/\/anabautistas.org\/?page_id=1131\">Centro Teol\u00f3gico Koinon\u00eda (CTK)<\/a><\/li>\n<li class=\"page_item page-item-1103\"><a href=\"https:\/\/anabautistas.org\/?page_id=1103\">Discipulado Anan\u00edas<\/a><\/li>\n<li class=\"page_item page-item-176\"><a href=\"https:\/\/anabautistas.org\/?page_id=176\">El bautismo cristiano<\/a><\/li>\n<li class=\"page_item page-item-91\"><a href=\"https:\/\/anabautistas.org\/?page_id=91\">No puedo perdonar<\/a><\/li>\n\n<\/ul>\n","protected":false},"excerpt":{"rendered":"<p>En esta secci\u00f3n, siguiendo los men\u00fas, puedes encontrar distintos materiales que pueden ser \u00fatiles para la vida cristiana, personal y comunitaria.<\/p>\n","protected":false},"author":3,"featured_media":0,"parent":0,"menu_order":5,"comment_status":"closed","ping_status":"closed","template":"","meta":{"footnotes":""},"class_list":["post-43","page","type-page","status-publish","hentry"],"_links":{"self":[{"href":"https:\/\/anabautistas.org\/index.php?rest_route=\/wp\/v2\/pages\/43"}],"collection":[{"href":"https:\/\/anabautistas.org\/index.php?rest_route=\/wp\/v2\/pages"}],"about":[{"href":"https:\/\/anabautistas.org\/index.php?rest_route=\/wp\/v2\/types\/page"}],"author":[{"embeddable":true,"href":"https:\/\/anabautistas.org\/index.php?rest_route=\/wp\/v2\/users\/3"}],"replies":[{"embeddable":true,"href":"https:\/\/anabautistas.org\/index.php?rest_route=%2Fwp%2Fv2%2Fcomments&post=43"}],"version-history":[{"count":8,"href":"https:\/\/anabautistas.org\/index.php?rest_route=\/wp\/v2\/pages\/43\/revisions"}],"predecessor-version":[{"id":1225,"href":"https:\/\/anabautistas.org\/index.php?rest_route=\/wp\/v2\/pages\/43\/revisions\/1225"}],"wp:attachment":[{"href":"https:\/\/anabautistas.org\/index.php?rest_route=%2Fwp%2Fv2%2Fmedia&parent=43"}],"curies":[{"name":"wp","href":"https:\/\/api.w.org\/{rel}","templated":true}]}}