{"id":37,"date":"2007-10-16T17:39:59","date_gmt":"2007-10-16T17:39:59","guid":{"rendered":"http:\/\/anabautistas.org\/portal\/?page_id=37"},"modified":"2021-09-15T07:13:36","modified_gmt":"2021-09-15T07:13:36","slug":"iglesia-de-celulas-2","status":"publish","type":"page","link":"https:\/\/anabautistas.org\/?page_id=37","title":{"rendered":"Iglesia de c\u00e9lulas"},"content":{"rendered":"<p><img loading=\"lazy\" decoding=\"async\" class=\"alignleft\" src=\"https:\/\/anabautistas.org\/celula.jpg\" width=\"188\" height=\"126\" align=\"left\" \/>Seg\u00fan Efesios 4:11-12 el Se\u00f1or \u00abconstituy\u00f3 a unos ap\u00f3stoles, a otros profetas, a otros evangelistas, a otros pastores y maestros, a fin de perfeccionar a los santos para la obra del ministerio, para la edificaci\u00f3n del cuerpo de Cristo\u00bb.<\/p>\n<p>Cada creyente ha de ser preparado para la obra del ministerio, y el sentido \u00faltimo de su ministerio se cumple cuando logra capacitar a otros para el servicio. La idea de que la iglesia est\u00e1 dividida entre \u00abclero\u00bb y \u00ablaicos\u00bb es una trampa diab\u00f3lica que no tiene ninguna base en el Nuevo Testamento. Los primeros cristianos se reun\u00ed\u00adan en las casas y todos eran considerados como sacerdotes. La iglesia medieval introdujo las distinciones entre diversos \u00abestados\u00bb dentro del pueblo de Dios. Hubo que esperar a la reforma protestante del siglo XVI para que se recuperara paulatinamente la idea del ministerio de todos los creyentes. Fue algo que pudieron realizar muy eficazmente los anabautistas, que rechazaron toda distinci\u00f3n entre clero y laicos. En el siglo XVIII, John Wesley inici\u00f3 las \u00abreuniones de clases\u00bb (c\u00e9lulas dom\u00e9sticas) que fueron un importante instrumento de evangelizaci\u00f3n.<\/p>\n<p>Nuestra iglesia est\u00e1 organizada en c\u00e9lulas o grupos caseros, que se re\u00fanen una vez a la semana. En ellos tiene lugar la adoraci\u00f3n, la edificaci\u00f3n mutua, la oraci\u00f3n y la evangelizaci\u00f3n. Los grupos permiten la confianza mutua y el compa\u00f1erismo estrecho entre sus miembros. Los domingos tiene lugar un culto m\u00e1s formal, con alabanzas y predicaci\u00f3n. La ense\u00f1anza recibida el domingo proporciona el tema para las reuniones de grupo. En estas reuniones van surgiendo los l\u00ed\u00adderes que dan lugar a nuevas c\u00e9lulas.<\/p>\n<p>De esta forma, nuestra iglesia se suma al movimiento mundial de iglesias de c\u00e9lulas.<\/p>\n","protected":false},"excerpt":{"rendered":"<p>Seg\u00fan Efesios 4:11-12 el Se\u00f1or \u00abconstituy\u00f3 a unos ap\u00f3stoles, a otros profetas, a otros evangelistas, a otros pastores y maestros, a fin de perfeccionar a&hellip;<\/p>\n","protected":false},"author":3,"featured_media":0,"parent":36,"menu_order":0,"comment_status":"closed","ping_status":"closed","template":"","meta":{"footnotes":""},"class_list":["post-37","page","type-page","status-publish","hentry"],"_links":{"self":[{"href":"https:\/\/anabautistas.org\/index.php?rest_route=\/wp\/v2\/pages\/37"}],"collection":[{"href":"https:\/\/anabautistas.org\/index.php?rest_route=\/wp\/v2\/pages"}],"about":[{"href":"https:\/\/anabautistas.org\/index.php?rest_route=\/wp\/v2\/types\/page"}],"author":[{"embeddable":true,"href":"https:\/\/anabautistas.org\/index.php?rest_route=\/wp\/v2\/users\/3"}],"replies":[{"embeddable":true,"href":"https:\/\/anabautistas.org\/index.php?rest_route=%2Fwp%2Fv2%2Fcomments&post=37"}],"version-history":[{"count":3,"href":"https:\/\/anabautistas.org\/index.php?rest_route=\/wp\/v2\/pages\/37\/revisions"}],"predecessor-version":[{"id":1085,"href":"https:\/\/anabautistas.org\/index.php?rest_route=\/wp\/v2\/pages\/37\/revisions\/1085"}],"up":[{"embeddable":true,"href":"https:\/\/anabautistas.org\/index.php?rest_route=\/wp\/v2\/pages\/36"}],"wp:attachment":[{"href":"https:\/\/anabautistas.org\/index.php?rest_route=%2Fwp%2Fv2%2Fmedia&parent=37"}],"curies":[{"name":"wp","href":"https:\/\/api.w.org\/{rel}","templated":true}]}}