{"id":36,"date":"2007-10-16T17:34:51","date_gmt":"2007-10-16T17:34:51","guid":{"rendered":"http:\/\/anabautistas.org\/portal\/?page_id=36"},"modified":"2021-09-18T07:13:01","modified_gmt":"2021-09-18T07:13:01","slug":"esencia-del-cristianismo","status":"publish","type":"page","link":"https:\/\/anabautistas.org\/?page_id=36","title":{"rendered":"Fe viva"},"content":{"rendered":"<p><a href=\"https:\/\/anabautistas.org\/wp-content\/uploads\/2021\/09\/cross-religion-christianity-church.jpg\"><img loading=\"lazy\" decoding=\"async\" class=\"wp-image-927 alignleft\" src=\"https:\/\/anabautistas.org\/wp-content\/uploads\/2021\/09\/cross-religion-christianity-church-300x200.jpg\" alt=\"\" width=\"158\" height=\"105\" srcset=\"https:\/\/anabautistas.org\/wp-content\/uploads\/2021\/09\/cross-religion-christianity-church-300x200.jpg 300w, https:\/\/anabautistas.org\/wp-content\/uploads\/2021\/09\/cross-religion-christianity-church-768x512.jpg 768w, https:\/\/anabautistas.org\/wp-content\/uploads\/2021\/09\/cross-religion-christianity-church.jpg 910w\" sizes=\"(max-width: 158px) 100vw, 158px\" \/><\/a>Muchas personas creen saber lo que es el cristanismo, debido a que desde su infancia han estado inmersos en una cultura presuntamente \u00abcristiana\u00bb, y les han ense\u00f1ado ciertos dogmas, ciertas normas morales y ciertas pr\u00e1cticas de devoci\u00f3n. Sin embargo, muchas veces su concepci\u00f3n del cristianismo est\u00e1 enormemente distorsionada. Cientos de personas han vivido el cristianismo como una religi\u00f3n opresiva.<\/p>\r\n<p>Nada m\u00e1s distinto de la verdadera fe cristiana, tal como aparece en los Evangelios y en los dem\u00e1s escritos del Nuevo Testamento. Como cristianos evang\u00e9licos, nuestro deseo es presentarte un cristianismo vivo y aut\u00e9ntico, tal como lo predic\u00f3 Jes\u00fas de Nazaret, y tal como lo ense\u00f1aron los primeros cristianos. Jes\u00fas no vino para crear esclavos, sino para que tengamos vida, y vida en abundancia (Juan 10:10).<\/p>\r\n<p>Cualquiera que sea tu situaci\u00f3n actual, por profunda que sea tu desesperaci\u00f3n, tu soledad o tu pecado, hoy mismo puedes comenzar a recibir esa vida en abundancia que Jes\u00fas nos prometi\u00f3. Tal vez te ayude leer lo siguiente:<\/p>\r\n<h3><a href=\"http:\/\/anabautistas.org\/?page_id=12\">El Plan de Dios<\/a><\/h3>\r\n<p>La fe cristiana afirma que Dios cre\u00f3 todas las cosas. Esto es lo que significa la expresi\u00f3n hebrea \u201cen el principio cre\u00f3 Dios los cielos y la tierra\u201d (G\u00e9nesis 1:1).<br \/>En ocasiones se ha dicho que la teor\u00ed\u00ada de la evoluci\u00f3n de Darwin contradice la fe cristiana en la creaci\u00f3n.<\/p>\r\n<p><a href=\"http:\/\/anabautistas.org\/?page_id=12\">\u00a0Lee m\u00e1s \u2192<\/a><\/p>\r\n<h3><a href=\"http:\/\/anabautistas.org\/?page_id=13\">El Problema del Ser Humano<\/a><\/h3>\r\n<p>El mundo que conocemos est\u00e1 atravesado por guerras, injusticias, y opresi\u00f3n. Basta echar una ojeada en torno nuestro para darnos cuenta de c\u00f3mo el dolor, la falta de sentido, la ira, la tristeza y la falta de perd\u00f3n afectan y destruyen la vida de tantas personas.<\/p>\r\n<p><a href=\"http:\/\/anabautistas.org\/?page_id=13\">Lee m\u00e1s \u2192<\/a><\/p>\r\n<h3><a href=\"http:\/\/anabautistas.org\/?page_id=14\">La Soluci\u00f3n de Dios<\/a><\/h3>\r\n<p>La soluci\u00f3n de Dios consisti\u00f3 en venir \u00e9l mismo a nuestro encuentro. La Biblia nos narra la historia de los diferentes pasos que Dios fue dando para recuperar la comuni\u00f3n con nosotros. Es lo que podemos leer en los libros del Antiguo Testamento&#8230;<\/p>\r\n<p><a href=\"http:\/\/anabautistas.org\/?page_id=14\"> Lee m\u00e1s \u2192<\/a><\/p>\r\n<h3><a href=\"http:\/\/anabautistas.org\/?page_id=15\">La Decisi\u00f3n es Tuya<\/a><\/h3>\r\n<p>Una nueva vida es posible cuando recibimos a Cristo en nuestro coraz\u00f3n, y le permitimos ser el centro de nuestras vidas. En ese momento pasamos a pertenecerle a \u00e9l, y a ser sus hermanos.<br \/><a href=\"http:\/\/anabautistas.org\/?page_id=15\"> Lee m\u00e1s \u2192<\/a><\/p>\r\n<h3><a href=\"http:\/\/anabautistas.org\/?page_id=16\">La Nueva Vida<\/a><\/h3>\r\n<p>Cuando recibes a Jes\u00fas en tu coraz\u00f3n, te conviertes en un hijo o hija de Dios, y comienzas ya ahora una vida que es eterna. Como dice la Escritura: \u201ctodo aqu\u00e9l que invocare el nombre del Se\u00f1or, ser\u00e1 salvo\u201d (Romanos 10:13).<br \/><a href=\"http:\/\/anabautistas.org\/?page_id=16\"> Lee m\u00e1s \u2192<\/a><\/p>\r\n<p>&nbsp;<\/p>\r\n\r\n<p>&nbsp;<\/p>\r\n","protected":false},"excerpt":{"rendered":"<p>Muchas personas creen saber lo que es el cristanismo, debido a que desde su infancia han estado inmersos en una cultura presuntamente \u00abcristiana\u00bb, y les&hellip;<\/p>\n","protected":false},"author":3,"featured_media":0,"parent":0,"menu_order":0,"comment_status":"closed","ping_status":"closed","template":"","meta":{"footnotes":""},"class_list":["post-36","page","type-page","status-publish","hentry"],"_links":{"self":[{"href":"https:\/\/anabautistas.org\/index.php?rest_route=\/wp\/v2\/pages\/36"}],"collection":[{"href":"https:\/\/anabautistas.org\/index.php?rest_route=\/wp\/v2\/pages"}],"about":[{"href":"https:\/\/anabautistas.org\/index.php?rest_route=\/wp\/v2\/types\/page"}],"author":[{"embeddable":true,"href":"https:\/\/anabautistas.org\/index.php?rest_route=\/wp\/v2\/users\/3"}],"replies":[{"embeddable":true,"href":"https:\/\/anabautistas.org\/index.php?rest_route=%2Fwp%2Fv2%2Fcomments&post=36"}],"version-history":[{"count":10,"href":"https:\/\/anabautistas.org\/index.php?rest_route=\/wp\/v2\/pages\/36\/revisions"}],"predecessor-version":[{"id":1239,"href":"https:\/\/anabautistas.org\/index.php?rest_route=\/wp\/v2\/pages\/36\/revisions\/1239"}],"wp:attachment":[{"href":"https:\/\/anabautistas.org\/index.php?rest_route=%2Fwp%2Fv2%2Fmedia&parent=36"}],"curies":[{"name":"wp","href":"https:\/\/api.w.org\/{rel}","templated":true}]}}