{"id":32,"date":"2007-10-16T17:19:39","date_gmt":"2007-10-16T17:19:39","guid":{"rendered":"http:\/\/anabautistas.org\/portal\/?page_id=32"},"modified":"2021-09-14T07:08:48","modified_gmt":"2021-09-14T07:08:48","slug":"la-violencia","status":"publish","type":"page","link":"https:\/\/anabautistas.org\/?page_id=32","title":{"rendered":"La violencia"},"content":{"rendered":"<p align=\"left\"><span style=\"font-family: Arial, Helvetica, Geneva, Swiss, SunSans-Regular;\"><span style=\"font-size: small;\"><em>Por Pastor Glenn (Woody) Dalton Jr., Harrisburg (Pa.) BIC Church<\/em><\/span><\/span><\/p>\n<p align=\"left\"><span style=\"font-family: Arial, Helvetica, Geneva, Swiss, SunSans-Regular;\"><span style=\"font-size: small;\"><strong>En nuestro mundo, la violencia se ha convertido en una epidemia.<\/strong> En Am\u00e9rica del Norte, los asesinatos, las violaciones, los robos, los asaltos violentos y los allanamientos han alcanzado niveles alarmantes en las \u00faltimas dos d\u00e9cadas. Lo que es m\u00e1s alarmantes es la violencia en el hogar; todo tipo de abusos contra los ni\u00f1os, los c\u00f3nyuges e incluso los padres.<\/span><\/span><\/p>\n<p align=\"left\"><span style=\"font-family: Arial, Helvetica, Geneva, Swiss, SunSans-Regular;\"><span style=\"font-size: small;\">La violencia no es algo nuevo para la humanidad. Las Escrituras indican que las tendencias violentas de la humanidad se remontan hasta el principio como lo evidencia el libro del G\u00e9nesis. Despu\u00e9s de que Ad\u00e1n y Eva desobedecieron a Dios y comieron del fruto del arbol prohibido, su relaci\u00f3n con Dios fue rota. Inmediatamente despu\u00e9s, las relaciones humanas se comenzaron a deteriorar.<\/span><\/span><\/p>\n<p align=\"left\"><span style=\"font-family: Arial, Helvetica, Geneva, Swiss, SunSans-Regular;\"><span style=\"font-size: small;\">Poco despu\u00e9s de la caida vino el primer incidente de violencia f\u00ed\u00adsica del cual existe un registro. Ca\u00ed\u00adn, al darse cuenta de que el sacrificio de su hermano Abel era m\u00e1s agradable a los ojos de Dios, mat\u00f3 a su hermano en un arranque de celos. La raza humana conoci\u00f3 lo que era el asesinato. Los escritores de la Biblia hicieron muchos esfuerzos para indicar que ya para el tiempo de Lamec, el tataranieto de Ca\u00ed\u00adn, la violencia hab\u00ed\u00ada llegado a niveles elevados y de hecho se le celebraba. Lamec se vanagloriaba de sus habilidades para cometer actos inapropiados y perpetrar actos de violencia masiva que fueron una respuesta desaproporcionada a las ofensas cometidas contra \u00e9l.<\/span><\/span><\/p>\n<p align=\"left\"><span style=\"font-family: Arial, Helvetica, Geneva, Swiss, SunSans-Regular;\"><span style=\"font-size: small;\">Es importante evaluar los alardes de Lamec a la luz de la ley de Mois\u00e9s. Dios le dict\u00f3 a Mois\u00e9s el principio de \u00abojo por ojo, diente por diente\u00bb para poder limitar la violencia. La justicia de la ley funciona bajo el principio de la proporci\u00f3n, no se permite tomar una vida por un ojo, o mutilar un miembro del cuerpo por un diente. La ley de Mois\u00e9s fue el primer paso de Dios para tratar con la violencia de la humanidad, insistiendo principalmente en la justicia. La ley no elimina la violencia, pero le pone un freno.<\/span><\/span><\/p>\n<p align=\"left\"><span style=\"font-family: Arial, Helvetica, Geneva, Swiss, SunSans-Regular;\"><span style=\"font-size: small;\">La directriz final de Dios para tratar la violencia provino de Jesucristo, seg\u00fan lo indica Mateo 5:38-39: \u00abOyeron que fue dicho: Ojo por ojo, y diente por diente. Pero yo les digo: No resistan al malo; antes, a cualquiera que te golpea en la mejilla derecha, vu\u00e9lvele tambi\u00e9n la otra&#8230;\u00bb Cristo continua diciendo en el mismo cap\u00ed\u00adtulo (vers\u00ed\u00adculos 43-44): \u00abOyeron que fue dicho: Amar\u00e1s a tu pr\u00f3jimo, y aborrecer\u00e1s a tu enemigo. Pero yo les digo: Amen a sus enemigos &#8230; y oren por los que les ultrajan y les persiguen&#8230;\u00bb<\/span><\/span><\/p>\n<p align=\"left\"><span style=\"font-family: Arial, Helvetica, Geneva, Swiss, SunSans-Regular;\"><span style=\"font-size: small;\">En esos pocos vers\u00ed\u00adculos, Cristo eleva las estrategias de la humanidad para lidiar con la violencia a un nuevo nivel. Los seguidores de Cristo ya no tienen que tratar con la violencia de sus enemigos s\u00f3lo en base de la justicia, que enfatiza una represalia proporcional, sino en base al amor. Cristo revela que la voluntad final de Dios en cuanto a la violencia no es la represalia, sino la reconciliaci\u00f3n.<\/span><\/span><\/p>\n<p align=\"left\"><span style=\"font-family: Arial, Helvetica, Geneva, Swiss, SunSans-Regular;\"><span style=\"font-size: small;\">Cristo rechaza la violencia como una forma realista de reconciliaci\u00f3n, y lo hace por al menos dos razones. En primer lugar, Jes\u00fas indica claramente que \u00abtodos los que tomen espada, a espada perecer\u00e1n.\u00bb (Mateo 26:52). Se ve c\u00f3mo la ley de la continuidad funciona en este caso: el fuego produce m\u00e1s fuego, el odio produce m\u00e1s odio, la violencia engendra m\u00e1s violencia. En segundo lugar, la violencia no soluciona los problemas reales y subyacentes que est\u00e1n involucrados en el conflicto. La violencia es un ataque contra la persona; en realidad no se enfrenta a los problemas subyacentes tales como el miedo, el odio y la pobreza. Es una simplificaci\u00f3n grave suponer que la violencia es la soluci\u00f3n a los problemas personales, pol\u00ed\u00adticos o sociales. La violencia elimina la posibilidad de entendimiento y, por ende, tambi\u00e9n la posibilidad de reconciliaci\u00f3n.<\/span><\/span><\/p>\n<p align=\"left\"><span style=\"font-family: Arial, Helvetica, Geneva, Swiss, SunSans-Regular;\"><span style=\"font-size: small;\">En la sociedad moderna, amar a nuestros enemigos, dar la otra mejilla y aceptar la persecuci\u00f3n son ideales honorables, pero se consideran impr\u00e1cticos y no realistas en un mundo caido, lleno de gran maldad. La gente se pregunta a menudo: \u00ab\u00bfqu\u00e9 har\u00ed\u00adas si alguien se mete en tu casa, o si trata de violar a tu esposa, o si est\u00e1 a punto de matar a tu abuela? \u00bfNo es cierto que tienes que usar la violencia en esos casos, aunque seas un cristiano?\u00bb Tales preguntas demuestran la forma tan profunda en que la violencia ha penetrado en la forma en la que la humanidad hace frente a estas situaciones. En tales casos, la persona que pregunta a menudo supone que las \u00fanicas opciones reales son \u00abmatar o morir\u00bb.<\/span><\/span><\/p>\n<p align=\"left\"><span style=\"font-family: Arial, Helvetica, Geneva, Swiss, SunSans-Regular;\"><span style=\"font-size: small;\">John H. Yoder, en su libro titulado What Would You Do? (\u00bfQu\u00e9 har\u00ed\u00adas t\u00fa?) menciona que los cristianos disponen de varias opciones, incluso cuando se encuentran en situaciones de gran peligro. Si un cristiano ve que una persona va a atacar a su madre o a su esposa, puede pensar en alguna forma de desarmar emocionalmente al atacante. \u00abPuede ser por medio de un gesto amoroso, una muestra de autoridad moral o al actuar en forma inofensiva y sin imponer resistencia, lo que podr\u00ed\u00ada apaciguar psicol\u00f3gicamente al atacante&#8230; &#8216;Si lo que quiere es el dinero, pues se lo doy.'\u00bb (1) Yoder presenta testimonios que muestran que tales t\u00e1cticas pueden tener \u00e9xito. Yoder tambi\u00e9n presenta otro punto principal que se relaciona con la factibilidad de amar a nuestros enemigos. La persona que hace la pregunta en el caso de \u00abque pasar\u00ed\u00ada si&#8230;\u00bb, supone que la intervenci\u00f3n violenta tendr\u00e1 \u00e9xito. Yoder indica que si uno intenta proteger a un miembro de la familia contra un atacante violento, usando la violencia, y \u00e9sta t\u00e1ctica falla, la situaci\u00f3n se vuelve mucho peor que antes. El enemigo est\u00e1 m\u00e1s enojado y es m\u00e1s probable que cometa un asesinato.<\/span><\/span><\/p>\n<p align=\"left\"><span style=\"font-family: Arial, Helvetica, Geneva, Swiss, SunSans-Regular;\"><span style=\"font-size: small;\">Es importante mencionar que el amor no elimina la necesidad de tomar medidas de protecci\u00f3n no violentas. Las estrategias de pasar el cerrojo a las puertas, evitar enfrentarse a situaciones peligrosas sin necesidad y huir para salvar nuestra vida no son estrategias anti-cristianas. Las v\u00ed\u00adctimas del abuso de menores y del abuso conyugal deben buscar ayuda profesional y quiz\u00e1s buscar alg\u00fan tipo de refugio. Tales acciones no deben considerarse faltas de amor, sino como los primeros pasos hacia la rehabilitaci\u00f3n tanto de la persona que abusa como de la v\u00ed\u00adctima del abuso. Nuestro Se\u00f1or condena el uso de la violencia, incluso para las causas m\u00e1s nobles (tal como cuando Pedro trat\u00f3 de proteger a Jes\u00fas en la noche de Su arresto). Jes\u00fas no desea obtener victorias que da\u00f1en y destruyan a la gente, sino las victorias en las que el amor venza a la maldad (Juan 18:10-11).<\/span><\/span><\/p>\n<p align=\"left\"><span style=\"font-family: Arial, Helvetica, Geneva, Swiss, SunSans-Regular;\"><span style=\"font-size: small;\">El amor no violento no debe considerarse como simple pasividad. La meta de Cristo es vencer la maldad de la gente por medio de la conversi\u00f3n. Matar a un enemigo es eliminar toda posibilidad de arrepentimiento y de conversi\u00f3n. El testimonio final del amor de Cristo es tratar al agresor como a un ser humano, cuyo coraz\u00f3n puede ser transformado moral y espiritualmente. La Biblia nos pide que actuemos frente a nuestros enemigos tal como Cristo actu\u00f3 frente a los Suyos. No olvidemos nunca que aunque una vez fuimos enemigos de Cristo, ahora somos los recipientes de Su amor que nos transforma (Romanos 5:10).<\/span><\/span><\/p>\n<p align=\"left\"><span style=\"font-family: Arial, Helvetica, Geneva, Swiss, SunSans-Regular;\"><span style=\"font-size: small;\">Quiz\u00e1s no exista una ocasi\u00f3n en que nuestra fidelidad a Cristo se ponga a prueba en forma tan severa como cuando se nos pida que amemos a un enemigo. A final de cuentas, la alternativa del cristiano esta entre la violencia y su muerte y futura resurrecci\u00f3n. La creencia en el hecho de que nuestra vida est\u00e1 en manos de un Salvador resucitado, y que la muerte fue vencida en la cruz(quiz\u00e1s nuestra propia muerte violenta), significa que podemos seguir a Cristo a donde nos llame. Y que amar a nuestros enemigos nos puede costar lo mismo que le cost\u00f3 a Cristo.<\/span><\/span><\/p>\n<p align=\"left\"><span style=\"font-family: Arial, Helvetica, Geneva, Swiss, SunSans-Regular;\"><span style=\"font-size: small;\">(1) John H. Yoder, What Would You Do?<\/span><\/span><\/p>\n","protected":false},"excerpt":{"rendered":"<p>Por Pastor Glenn (Woody) Dalton Jr., Harrisburg (Pa.) BIC Church En nuestro mundo, la violencia se ha convertido en una epidemia. En Am\u00e9rica del Norte,&hellip;<\/p>\n","protected":false},"author":3,"featured_media":0,"parent":23,"menu_order":0,"comment_status":"closed","ping_status":"closed","template":"","meta":{"footnotes":""},"class_list":["post-32","page","type-page","status-publish","hentry"],"_links":{"self":[{"href":"https:\/\/anabautistas.org\/index.php?rest_route=\/wp\/v2\/pages\/32"}],"collection":[{"href":"https:\/\/anabautistas.org\/index.php?rest_route=\/wp\/v2\/pages"}],"about":[{"href":"https:\/\/anabautistas.org\/index.php?rest_route=\/wp\/v2\/types\/page"}],"author":[{"embeddable":true,"href":"https:\/\/anabautistas.org\/index.php?rest_route=\/wp\/v2\/users\/3"}],"replies":[{"embeddable":true,"href":"https:\/\/anabautistas.org\/index.php?rest_route=%2Fwp%2Fv2%2Fcomments&post=32"}],"version-history":[{"count":2,"href":"https:\/\/anabautistas.org\/index.php?rest_route=\/wp\/v2\/pages\/32\/revisions"}],"predecessor-version":[{"id":882,"href":"https:\/\/anabautistas.org\/index.php?rest_route=\/wp\/v2\/pages\/32\/revisions\/882"}],"up":[{"embeddable":true,"href":"https:\/\/anabautistas.org\/index.php?rest_route=\/wp\/v2\/pages\/23"}],"wp:attachment":[{"href":"https:\/\/anabautistas.org\/index.php?rest_route=%2Fwp%2Fv2%2Fmedia&parent=32"}],"curies":[{"name":"wp","href":"https:\/\/api.w.org\/{rel}","templated":true}]}}