{"id":30,"date":"2007-10-16T17:16:32","date_gmt":"2007-10-16T17:16:32","guid":{"rendered":"http:\/\/anabautistas.org\/portal\/?page_id=30"},"modified":"2021-09-14T07:07:55","modified_gmt":"2021-09-14T07:07:55","slug":"la-santificacion","status":"publish","type":"page","link":"https:\/\/anabautistas.org\/?page_id=30","title":{"rendered":"La santificaci\u00f3n"},"content":{"rendered":"<p><span style=\"font-family: Arial, Helvetica, Geneva, Swiss, SunSans-Regular;\"><span style=\"font-size: small;\"><em>Por Luke L. Keefer, Jr.<\/em><\/span><\/span><\/p>\n<p align=\"left\"><span style=\"font-family: Arial, Helvetica, Geneva, Swiss, SunSans-Regular;\"><span style=\"font-size: small;\"><strong>La santificaci\u00f3n significa \u00abser apartado para Dios.\u00bb <\/strong>Dos ideas b\u00e1sicas y correlacionadas se contienen en esto. Una es la consagraci\u00f3n en la que los cristianos deben considerarse a s\u00ed\u00ad mismos la propiedad de Dios, comprados por el precio de la sangre de Cristo (1 Corintios 6:19, 20). Ellos deben dedicarse a s\u00ed\u00ad mismos a hacer Su voluntad en todos los aspectos de sus vidas. Desde el tiempo de su conversi\u00f3n hasta que ellos entren en el mundo de la eternidad, ellos son los siervos de Dios para hacer el trabajo que El les asigne para el bien de Su reino.<\/span><\/span><\/p>\n<p align=\"left\"><span style=\"font-family: Arial, Helvetica, Geneva, Swiss, SunSans-Regular;\"><span style=\"font-size: small;\">El otro concepto es el de la pureza. Porque Dios es santo, si nosotros Le queremos servir en una forma aceptable, nosotros debemos ser santos (1 Pedro 1:15, 16). Los cristianos no pueden vivir m\u00e1s como lo hac\u00ed\u00adan anteriormente practicando el pecado. Ni pueden permitir que los deseos que una vez motivaban sus vidas determinen su prop\u00f3sito para vivir o la manera de su conducta. Ambos la conducta externa de vida y los m\u00f3viles intimos del coraz\u00f3n deben ser hechos puros por la gracia de Dios. El poder de Dios y Sus promesas garantizan al cristiano la posibilidad de pureza de coraz\u00f3n y vida (2 Corintios 6:14-7:1; 1 Tesalonicenses 5:23,24; 2 Pedro 1:3,4).<\/span><\/span><\/p>\n<p align=\"left\"><span style=\"font-family: Arial, Helvetica, Geneva, Swiss, SunSans-Regular;\"><span style=\"font-size: small;\"><strong>La Voluntad de Dios<\/strong><\/span><\/span><\/p>\n<p align=\"left\"><span style=\"font-family: Arial, Helvetica, Geneva, Swiss, SunSans-Regular;\"><span style=\"font-size: small;\">Ha sido siempre el deseo de Dios tener un pueblo quien tenga comuni\u00f3n con El y que Le sirva fielmente. Por eso Dios cre\u00f3 la humanidad en el principio. Pero cuando Ad\u00e1n y Eva pecaron, el curso subsiguiente de historia fue alterado. La raza humana perdi\u00f3 su rectitud original. Desde entonces toda la gente ha nacido con una naturaleza pecaminosa y son culpables delante de Dios por sus actos personales de maldad.<\/span><\/span><\/p>\n<p align=\"left\"><span style=\"font-family: Arial, Helvetica, Geneva, Swiss, SunSans-Regular;\"><span style=\"font-size: small;\">Pero Dios en Su grande misericordia y amor eligi\u00f3 el no abandonar a la humanidad a su destino merecido. En vez, Dios envi\u00f3 a Cristo, Su \u00fanico Hijo, para redimir a los seres humanos de la causa y las consecuencias del pecado. La muerte de Cristo en la cruz provey\u00f3 el perdon para los pecados que cada de nosotros ha cometido. Su sangre tamb\u00ed\u00aden provey\u00f3 limpieza de la perversa inclinaci\u00f3n a pecar que tenia firme control de nuestros corazones. Subsecuentemente, la resurrecci\u00f3n de Cristo de entre los muertos provey\u00f3 para que la pena de muerte fuese descartada y en su lugar nos dio en el regalo de vida eterna.<\/span><\/span><\/p>\n<p align=\"left\"><span style=\"font-family: Arial, Helvetica, Geneva, Swiss, SunSans-Regular;\"><span style=\"font-size: small;\">La vida, muerte y resurrecci\u00f3n de Jes\u00fas hace m\u00e1s que remover los s\u00ed\u00adntomas del pecado. Esta destruye la misma enfermedad de pecado. Con la medicina, nosotros podemos suprimir los s\u00ed\u00adntomas de una enfermedad por alg\u00fan tiempo, sin realmente curar la enfermedad. O podemos tratar la causa de la enfermedad para que eventualmente la enfermedad y todos sus sintomas desaparezcan. La descripci\u00f3n verdadera de la vida cristiana es la de la gracia de nuestro Se\u00f1or, la cual trata con la misma ra\u00ed\u00adz del problema, trayendo salud a nuestras almas. No hay necesidad que nosotros pequemos continuamente.<\/span><\/span><\/p>\n<p align=\"left\"><span style=\"font-family: Arial, Helvetica, Geneva, Swiss, SunSans-Regular;\"><span style=\"font-size: small;\">Dios quiere que Su pueblo experimente Su poder para librarnos del pecado. La meta de Dios es que Sus seguidores aparezcan ante El en salud espiritual perfecta-en alma y cuerpo, sin defecto y sin culpa. La culminacion del proceso de santificaci\u00f3n es la glorificaci\u00f3n del cuerpo.<\/span><\/span><\/p>\n<p align=\"left\"><span style=\"font-family: Arial, Helvetica, Geneva, Swiss, SunSans-Regular;\"><span style=\"font-size: small;\"><strong>La Muerte Santificadora de Jesus<\/strong><\/span><\/span><\/p>\n<p align=\"left\"><span style=\"font-family: Arial, Helvetica, Geneva, Swiss, SunSans-Regular;\"><span style=\"font-size: small;\">Jes\u00fas se hizo humano para redimir la creacion caida. Primero, \u00ed\u2030l demostr\u00f3 que era posible ser totalmente humano y vivir sin pecar. Segundo, en la cruz el Cristo sin pecado tom\u00f3 sobre s\u00ed\u00ad mismo la carga entera de pecado humano-su pena, su contaminaci\u00f3n y su poder (2 Corintios 5:21). Mediante Su expiaci\u00f3n las consecuencias del pecado se descartan en la vida del creyente. Tercero, Su resurrecci\u00f3n victoriosa hizo posible un modo de vida completamente nuevo. Finalmente, con Su don del Esp\u00ed\u00adritu Santo, \u00ed\u2030l pone a nuestra disposici\u00f3n el poder para vivir santamente.Un poder que \u00ed\u2030l mismo experimento en los d\u00ed\u00adas de Su carne. El cristiano no tiene que esforzarse mas para cumplir la ley santa de Dios,o sentirse siempre frustrado a causa de la presencia persistente del pecado interior. Porque la ley del Espiritu en Cristo Jes\u00fas le hace libre de la ley del pecado y de la muerte (Romanos 8:1-4).<\/span><\/span><\/p>\n<p align=\"left\"><span style=\"font-family: Arial, Helvetica, Geneva, Swiss, SunSans-Regular;\"><span style=\"font-size: small;\">La Escritura, regocijandose en esta victoria completa de Cristo sobre el pecado, resume Su obra expiatoria como completa en la santificaci\u00f3n de Su pueblo (Hebreos 10:10). Para el creyente Jes\u00fas \u00abha sido hecho por Dios sabidur\u00ed\u00ada justificaci\u00f3n santificaci\u00f3n y redenci\u00f3n\u00bb(1 Corintios 1:30).<\/span><\/span><\/p>\n<p align=\"left\"><span style=\"font-family: Arial, Helvetica, Geneva, Swiss, SunSans-Regular;\"><span style=\"font-size: small;\"><strong>El Esp\u00ed\u00adritu Santo<\/strong><\/span><\/span><\/p>\n<p align=\"left\"><span style=\"font-family: Arial, Helvetica, Geneva, Swiss, SunSans-Regular;\"><span style=\"font-size: small;\">Dios es Esp\u00ed\u00adritu y los que le adoran en esp\u00ed\u00adritu y en verdad es necesario que adoren (Juan 4:24). Dios es santo en Su naturaleza (1 Pedro 1:16). El Esp\u00ed\u00adritu Santo, la tercera persona de la Trinidad, obra al hacer a los creyentes lo qu\u00e9 Dios quiere que ellos sean y qu\u00e9 Jes\u00fas hizo posible que ellos puedan ser.<\/span><\/span><\/p>\n<p align=\"left\"><span style=\"font-family: Arial, Helvetica, Geneva, Swiss, SunSans-Regular;\"><span style=\"font-size: small;\">El Esp\u00ed\u00adritu Santo es el agente activo en el ministerio de santificaci\u00f3n (Romanos 15:16; 2 Tesalonicenses 2:13; 1 Pedro 1:2). Por medio de el Esp\u00ed\u00adritu Santo los creyentes no solamente llegan a ser conscientes de pecado pero tamb\u00ed\u00aden encuentran el poder de Dios disponible para lidiar con el efectivamente (Romanos 8:13). El Esp\u00ed\u00adritu produce en la vida del cristiano el fruto de rectitud que es agradable a Dios (Galatas 5:22-26). El Espiritu hace la Palabra de Dios efectiva, nos cambia a la misma imagen de Dios (2 Corintios 3:17,18). El Esp\u00ed\u00adritu equipa el creyente con dones espirituales para que el cristiano pueda ministrar con eficacia a la iglesia (1 Corintios 12). El Esp\u00ed\u00adritu nos mueve a consagrarnos a la voluntad de Dios y Su obra (Romanos 12:1). El les pone alas a nuestras oraciones (Romanos 8:26, 27; Judas 20), voz a nuestro testimonio (Juan 15:26,27; Hechos 1:8), y coraz\u00f3n a nuestra adoracion (Hechos 2:37-47; Efesios 5:18-20). Esto es lo qu\u00e9 la Escritura significa cuando nos manda a vivir en el Espiritu Santo.<\/span><\/span><\/p>\n<p align=\"left\"><span style=\"font-family: Arial, Helvetica, Geneva, Swiss, SunSans-Regular;\"><span style=\"font-size: small;\"><strong>El Papel de los Cristianos<\/strong><\/span><\/span><\/p>\n<p align=\"left\"><span style=\"font-family: Arial, Helvetica, Geneva, Swiss, SunSans-Regular;\"><span style=\"font-size: small;\">El Esp\u00ed\u00adritu Santo capacita a los cristianos para que llegen a ser lo qu\u00e9 Dios desea que ellos sean. Ellos no son participantes irreflexivos, forzados a hacer la voluntad de Dios sin la involucraci\u00f3n de sus propia voluntad. La Escritura dice que la santidad es algo que nosotros debemos perseguir con mucha diligencia (Hebreos 12:14; 2 Pedro 1:5-1 1). La santificaci\u00f3n viene mediante la verdad de la palabra de Dios (Juan 17:17), pero nosotros debemos someternos a la influencia de la Palabra. Nosotros debemos aliniarnos con Dios contra todo pecado, en acci\u00f3n y en actitud, a fin de que seamos purificados de su influencia corrompida y de su poder (Efesios 4:22-24; 2 Timoteo 2:21).<\/span><\/span><\/p>\n<p align=\"left\"><span style=\"font-family: Arial, Helvetica, Geneva, Swiss, SunSans-Regular;\"><span style=\"font-size: small;\">Nosotros necesitamos orar a Dios para que nos examine y redima de los pecados secretos. Ocultos a\u00fan a nuestro conciente (Salmo 19:12-14). Es nuestro deber consagrarnos a la voluntad de Dios (Romanos 12:1,2).<\/span><\/span><\/p>\n<p align=\"left\"><span style=\"font-family: Arial, Helvetica, Geneva, Swiss, SunSans-Regular;\"><span style=\"font-size: small;\">Cuando nosotros nos apropiamos de la gracia que Dios ha prove\u00ed\u00addo encontramos que la santificaci\u00f3n viene a ser una realidad en nuestras vidas. Hay dos condiciones escriturales: \u00abEl Padre celestial dar\u00e1 el Esp\u00ed\u00adritu Santo a los que lo pidan\u00bb (Lucas 11:13), y \u00abEl da el Espiritu Santo a los que le obedecen\u00bb (Hechos 5:32). Orando y obedeciendo-andando en la luz como \u00e9l est\u00e1 en luz (1 Juan 1:7)-purificando y consagrando nuestras vidas delante de Dios, estas son las maneras de realizar la presencia santificadora del Espiritu Santo. Entonces, Dios nos comunica la plenitud de la redenci\u00f3n que Jes\u00fas ha prove\u00ed\u00addo para Su pueblo, una vida que es agradable a Dios.<\/span><\/span><\/p>\n","protected":false},"excerpt":{"rendered":"<p>Por Luke L. Keefer, Jr. La santificaci\u00f3n significa \u00abser apartado para Dios.\u00bb Dos ideas b\u00e1sicas y correlacionadas se contienen en esto. Una es la consagraci\u00f3n&hellip;<\/p>\n","protected":false},"author":3,"featured_media":0,"parent":23,"menu_order":0,"comment_status":"closed","ping_status":"closed","template":"","meta":{"footnotes":""},"class_list":["post-30","page","type-page","status-publish","hentry"],"_links":{"self":[{"href":"https:\/\/anabautistas.org\/index.php?rest_route=\/wp\/v2\/pages\/30"}],"collection":[{"href":"https:\/\/anabautistas.org\/index.php?rest_route=\/wp\/v2\/pages"}],"about":[{"href":"https:\/\/anabautistas.org\/index.php?rest_route=\/wp\/v2\/types\/page"}],"author":[{"embeddable":true,"href":"https:\/\/anabautistas.org\/index.php?rest_route=\/wp\/v2\/users\/3"}],"replies":[{"embeddable":true,"href":"https:\/\/anabautistas.org\/index.php?rest_route=%2Fwp%2Fv2%2Fcomments&post=30"}],"version-history":[{"count":2,"href":"https:\/\/anabautistas.org\/index.php?rest_route=\/wp\/v2\/pages\/30\/revisions"}],"predecessor-version":[{"id":880,"href":"https:\/\/anabautistas.org\/index.php?rest_route=\/wp\/v2\/pages\/30\/revisions\/880"}],"up":[{"embeddable":true,"href":"https:\/\/anabautistas.org\/index.php?rest_route=\/wp\/v2\/pages\/23"}],"wp:attachment":[{"href":"https:\/\/anabautistas.org\/index.php?rest_route=%2Fwp%2Fv2%2Fmedia&parent=30"}],"curies":[{"name":"wp","href":"https:\/\/api.w.org\/{rel}","templated":true}]}}