{"id":29,"date":"2007-10-16T17:12:41","date_gmt":"2007-10-16T17:12:41","guid":{"rendered":"http:\/\/anabautistas.org\/portal\/?page_id=29"},"modified":"2021-09-14T07:07:16","modified_gmt":"2021-09-14T07:07:16","slug":"la-salvacion","status":"publish","type":"page","link":"https:\/\/anabautistas.org\/?page_id=29","title":{"rendered":"La salvaci\u00f3n"},"content":{"rendered":"<p align=\"left\"><span style=\"font-family: Arial, Helvetica, Geneva, Swiss, SunSans-Regular;\"><span style=\"font-size: small;\"><em>Por Robert B. Ives<\/em><\/span><\/span><\/p>\n<p align=\"left\"><span style=\"font-family: Arial, Helvetica, Geneva, Swiss, SunSans-Regular;\"><span style=\"font-size: small;\"><strong>La salvaci\u00f3n es una palabra ampliamente usada en el cristianismo<\/strong>. Significa libertad del pecado y del enemigo. Significa ser tra\u00ed\u00addo a la seguridad del Reino de Dios. Significa tener vida en abundancia (Juan 10:10). La Salvaci\u00f3n tiene un doble car\u00e1cter, salvaci\u00f3n del pecado y salvaci\u00f3n a vida eterna.<\/span><\/span><\/p>\n<p align=\"left\"><span style=\"font-family: Arial, Helvetica, Geneva, Swiss, SunSans-Regular;\"><span style=\"font-size: small;\">Una idea com\u00fan sobre la salvaci\u00f3n es que una persona llega a ser convertida y entonces habla de ser salvo. \u00c2\u00a1Punto final! \u00c2\u00a1El fin! Para los Hermanos en Cristo la salvaci\u00f3n es m\u00e1s que esto. Es recibir una nueva vida a travez de Cristo la cual se expresa en el discipulado. El \u00e9nfasis no es simplemente sobre un acto de gracia de Dios (aunque creemos esto, Efesios 2:8-9), pero hacemos tambi\u00e9n un \u00e9nfasis en el discipulado. Esta es la manera en que los evangelios enfatizan la salvaci\u00f3n, y los Hermanos en Cristo se adhiren seriamente a las ense\u00f1anzas de los evangelios y las epistolas.<\/span><\/span><\/p>\n<p align=\"left\"><span style=\"font-family: Arial, Helvetica, Geneva, Swiss, SunSans-Regular;\"><span style=\"font-size: small;\">La otra idea com\u00fan sobre la salvaci\u00f3n es que cuando las personas llegan a ser convertidas, ellas son \u00fanicamente responsables a Dios por sus vidas. Para los Hermanos en Cristo, una persona que viene a Dios debe mantener una relaci\u00f3n buena con los hermanos y las hermanas. Uno no puede ser un cristiano solitario. Todos los hermanos son parte de un cuerpo. Solo de esta manera es posible llevar las cargas los unos de los otros y cumplir la ley de Cristo.(Galatas 6:2).En vez de enfatizar solo la salvaci\u00f3n, el ser parte de una comunidad es la idea distintiva de nuestro punto de vista.<\/span><\/span><\/p>\n<p align=\"left\"><span style=\"font-family: Arial, Helvetica, Geneva, Swiss, SunSans-Regular;\"><span style=\"font-size: small;\">Entre muchos cristianos la definicion de la salvaci\u00f3n tiene como \u00ed\u00a8nfasis la justificacion, la santificaci\u00f3n y la glorificaci\u00f3n. En este enfoque, la justificaci\u00f3n es la manera que Dios pone bien a las personas consigo mismos, una idea biblica que se encuentra en Romanos 3:20-21. La santificaci\u00f3n es la experiencia y el proceso de llegar a ser santo seg\u00fan lo sugiere 2 Corintios 7:1. La glorificaci\u00f3n es la condicion que nosotros recibimos al entrar al Reino Celestial.<\/span><\/span><\/p>\n<p align=\"left\"><span style=\"font-family: Arial, Helvetica, Geneva, Swiss, SunSans-Regular;\"><span style=\"font-size: small;\">Los Hermanos en Cristo ven las cosas de manera diferente. Los Hermanos en Cristo tienen otra perspectiva, su \u00ed\u00a8nfasis sobre la salvaci\u00f3n comienza con la regeneracion (Tito 3:5). La regeneraci\u00f3n significa que el creyente es hecho nuevo (2 Corintios 5:17), no simplemente que ha sido declarado estar bien con Dios. Ser hecho nuevo es un acto de Dios en la vida de una persona por la obra del Esp\u00ed\u00adritu Santo (Juan 3:3-8) a travez del nombre y poder de Jesus. Lo significativo de la obra de Jes\u00fas para nuestra salvaci\u00f3n es clara: La salvaci\u00f3n no se encuentra en otra persona, \u00abporque no hay otro nombre debajo del cielo dado a los hombres por el cual podamos ser salvos\u00bb(Hechos 4:12. El contexto hace bien claro que el nombre es \u00abJes\u00fas\u00bb). Como una evidencia de su salvaci\u00f3n la persona regenerada, a travez del poder del poder del Esp\u00ed\u00adritu Santo, testifica de lo que ha sucedido en su vida y anhela que lo mismo le suceda a otros (Romanos 10:1). La salvaci\u00f3n quiere decir que la persona viene a cambiar verdaderamente, con un nuevo car\u00e1cter y un nuevo comportamiento.<\/span><\/span><\/p>\n<p align=\"left\"><span style=\"font-family: Arial, Helvetica, Geneva, Swiss, SunSans-Regular;\"><span style=\"font-size: small;\">En nuestra condici\u00f3n natural nosotros no somos salvos. Nosotros estamos lejos de la salvaci\u00f3n de Dios (Isaias 59). Pero por un regalo-esto es por la gracia-somos puestos bien con Dios mediante la fe en Jesucristo. Esta es la salvaci\u00f3n. Dios limpia al pecador con el poder de la sangre y la resurreccion de Jesucristo. Dios limpia al pecador del pecado. Normalmente la evidencia subjetiva de nuestra salvaci\u00f3n es un \u00abcorazon que arde\u00bb(Lucas 24:32). Sin embargo, la evidencia mas importante de nuestra nueva vida en Cristo es nuestro compromiso con El, como el Se\u00f1or.<\/span><\/span><\/p>\n<p align=\"left\"><span style=\"font-family: Arial, Helvetica, Geneva, Swiss, SunSans-Regular;\"><span style=\"font-size: small;\">El que cree en Jesus tiene vida eterna. La vida eterna define una calidad de vida. La vida eterna es la vida de Dios. Nosotros mismos somos incapaces de experimentar esta vida. La fe en Jesus lo hace posible porque por su Esp\u00ed\u00adritu Santo, Jesus obra un cambio verdadero en nuestras vidas. Este cambio comienza ahora, no en el futuro celestial.<\/span><\/span><\/p>\n<p align=\"left\"><span style=\"font-family: Arial, Helvetica, Geneva, Swiss, SunSans-Regular;\"><span style=\"font-size: small;\">La regeneraci\u00f3n conduce al discipulado. Jes\u00fas dijo: \u00abSi alguno quiere venir en pos de m\u00ed\u00ad, ni\u00e9guese a s\u00ed\u00ad mismo, y tome su cruz, y s\u00ed\u00adgame\u00bb (Mateo 16:24). Ser discipulo quiere decir seguir a Jes\u00fas por toda la vida.<\/span><\/span><\/p>\n<p align=\"left\"><span style=\"font-family: Arial, Helvetica, Geneva, Swiss, SunSans-Regular;\"><span style=\"font-size: small;\">Porque la salvaci\u00f3n significa rescate de todo lo que nos arruina en esta vida y de la que viene, esta involucra m\u00e1s de un acto \u00fanico. La salvaci\u00f3n es un proceso y una experiencia de toda la vida. Hay fuerzas perversas trabajando para destruirnos espiritualmente. Es por eso qu\u00e9 Jes\u00fas nos ense\u00f1\u00f3 a orar por dos peticiones fundamentales: \u00abPerd\u00f3nanos nuestros pecados, porque tamb\u00ed\u00aden nosotros perdonamos a todos los que nos deben\u00bb y \u00abNo nos metas en tentaci\u00f3n mas libranos del mal.\u00bb(Mateo 6:12-13). Oramos con fe y creemos que Dios nos librar\u00e1, pero su rescate esta relacionado con el discipulado y nuestras vidas diarias al tratar de servir a otros y no meramente a nosotros mismos.<\/span><\/span><\/p>\n<p align=\"left\"><span style=\"font-family: Arial, Helvetica, Geneva, Swiss, SunSans-Regular;\"><span style=\"font-size: small;\">Las denominaciones que como los Hermanos en Cristo afirman la obediencia en el discipulado se enfrentan con el peligro del legalismo.Uno pudiese preguntarse,por ejemplo, \u00bfpudiese la salvaci\u00f3n ocurrir si uno no abandona el orgullo? Pero entonces el problema esta en como uno puede determinar si uno es orgulloso. Nuestro compromiso con la crencia que la iglesia debe ser visible significa que la obediencia debe expresarse en t\u00e9rminos concretos. De ah\u00ed\u00ad la posibilidad del legalismo. Mientras que existe el peligro de medir el nivel de la vida espiritual por las practicas externas, como la asistencia a la iglesia, el fumar, la participacion en los juegos de azar, el beber alcohol, etc., existe tambi\u00e9n el peligro de creer que estas cosas externas se consideren como que no significan nada.<\/span><\/span><\/p>\n<p align=\"left\"><span style=\"font-family: Arial, Helvetica, Geneva, Swiss, SunSans-Regular;\"><span style=\"font-size: small;\">El discipulado es un fruto indicativo de la salvaci\u00f3n. Significa un compromiso total de toda la vida, tomando la cruz para seguir a Jes\u00fas. Jes\u00fas dice en Mateo 10:22, \u00abEl que persevere hasta el fin, \u00e9ste ser\u00e1 salvo.\u00bb Nosotros recibimos ayuda en el proceso de la salvaci\u00f3n. Jesus \u00abpuede tambi\u00e9n salvar perpetuamente a los que por El se acercan a Dios viviendo siempre para interceder por ellos\u00bb (Hebreos 7:25).<\/span><\/span><\/p>\n<p align=\"left\"><span style=\"font-family: Arial, Helvetica, Geneva, Swiss, SunSans-Regular;\"><span style=\"font-size: small;\">La salvaci\u00f3n nos rescata de las tinieblas, del pecado y de la muerte. La salvaci\u00f3n tambi\u00e9n incluye el ser adoptados y rescatados para vivir una vida de obediencia. Para los Hermanos en Cristo, \u00abla salvaci\u00f3n\u00bb es una palabra comprensiva que incluye experiencia individual, relaciones, y servicio.<\/span><\/span><\/p>\n","protected":false},"excerpt":{"rendered":"<p>Por Robert B. Ives La salvaci\u00f3n es una palabra ampliamente usada en el cristianismo. Significa libertad del pecado y del enemigo. Significa ser tra\u00ed\u00addo a&hellip;<\/p>\n","protected":false},"author":3,"featured_media":0,"parent":23,"menu_order":0,"comment_status":"closed","ping_status":"closed","template":"","meta":{"footnotes":""},"class_list":["post-29","page","type-page","status-publish","hentry"],"_links":{"self":[{"href":"https:\/\/anabautistas.org\/index.php?rest_route=\/wp\/v2\/pages\/29"}],"collection":[{"href":"https:\/\/anabautistas.org\/index.php?rest_route=\/wp\/v2\/pages"}],"about":[{"href":"https:\/\/anabautistas.org\/index.php?rest_route=\/wp\/v2\/types\/page"}],"author":[{"embeddable":true,"href":"https:\/\/anabautistas.org\/index.php?rest_route=\/wp\/v2\/users\/3"}],"replies":[{"embeddable":true,"href":"https:\/\/anabautistas.org\/index.php?rest_route=%2Fwp%2Fv2%2Fcomments&post=29"}],"version-history":[{"count":2,"href":"https:\/\/anabautistas.org\/index.php?rest_route=\/wp\/v2\/pages\/29\/revisions"}],"predecessor-version":[{"id":879,"href":"https:\/\/anabautistas.org\/index.php?rest_route=\/wp\/v2\/pages\/29\/revisions\/879"}],"up":[{"embeddable":true,"href":"https:\/\/anabautistas.org\/index.php?rest_route=\/wp\/v2\/pages\/23"}],"wp:attachment":[{"href":"https:\/\/anabautistas.org\/index.php?rest_route=%2Fwp%2Fv2%2Fmedia&parent=29"}],"curies":[{"name":"wp","href":"https:\/\/api.w.org\/{rel}","templated":true}]}}