{"id":28,"date":"2007-10-16T17:11:23","date_gmt":"2007-10-16T17:11:23","guid":{"rendered":"http:\/\/anabautistas.org\/portal\/?page_id=28"},"modified":"2021-09-14T07:06:53","modified_gmt":"2021-09-14T07:06:53","slug":"la-renovacion-espiritual","status":"publish","type":"page","link":"https:\/\/anabautistas.org\/?page_id=28","title":{"rendered":"La renovaci\u00f3n espiritual"},"content":{"rendered":"<p align=\"left\"><span style=\"font-family: Arial, Helvetica, Geneva, Swiss, SunSans-Regular;\"><span style=\"font-size: small;\"><em>Por Warren L. Hoffman<\/em><\/span><\/span><\/p>\n<p align=\"left\"><span style=\"font-family: Arial, Helvetica, Geneva, Swiss, SunSans-Regular;\"><span style=\"font-size: small;\"><strong>Los Hermanos en Cristo siempre han sido receptivos a travez de su historia a la obra del Esp\u00ed\u00adritu Santo<\/strong>. Tambi\u00e9n hoy deseamos ser receptivos a lo que Dios le esta diciendo a la iglesia. Tanto en nuestras ra\u00ed\u00adces hist\u00f3ricas como en nuestras aspiraciones actuales, poseemos un rico contexto de renovaci\u00f3n espiritual.<\/span><\/span><\/p>\n<p align=\"left\"><span style=\"font-family: Arial, Helvetica, Geneva, Swiss, SunSans-Regular;\"><span style=\"font-size: small;\">La Iglesia de los Hermanos en Cristo enfatiza el poder que el Esp\u00ed\u00adritu Santo nos da para vivir una vida santa. Afirmamos la obra del Esp\u00ed\u00adritu Santo en nuestras doctrinas. Alentamos a las personas y a las iglesias a que busquen a Dios para que sean llenos del Esp\u00ed\u00adritu Santo. Enfocamos la vida cristiana con miras a alcanzar una relaci\u00f3n vital con el Dios vivo que transforme nuestra vida.<\/span><\/span><\/p>\n<p align=\"left\"><span style=\"font-family: Arial, Helvetica, Geneva, Swiss, SunSans-Regular;\"><span style=\"font-size: small;\">Consideramos a la Biblia como la autoridad final en cuanto a la fe y la pr\u00e1ctica. Reconocemos que el Esp\u00ed\u00adritu Santo continua obrando en la iglesia de hoy para ense\u00f1arnos como entender, interpretar y aplicar las Escrituras. Cuando estudiamos juntos las Escrituras, creemos que el Esp\u00ed\u00adritu Santo nos ayuda a discernir la verdad y la voluntad de Dios. Nuestro objetivo siempre es mantenernos fieles a la Palabra de Dios.<\/span><\/span><\/p>\n<p align=\"left\"><span style=\"font-family: Arial, Helvetica, Geneva, Swiss, SunSans-Regular;\"><span style=\"font-size: small;\">Con tal convicci\u00f3n b\u00ed\u00adblica y tales precedentes hist\u00f3ricos, no sorprende que los Hermanos en Cristo se sientan atra\u00ed\u00addos por las diversas expresiones contempor\u00e1neas de renovaci\u00f3n espiritual y que tengan cuidado al distinguir entre los elementos esenciales y los elementos superfluos. El deseo de renovaci\u00f3n est\u00e1 entretejido en nuestro entendimiento de la vida cristiana. Sin embargo, deseamos estar seguros de que lo que experimentamos sea una experiencia aut\u00e9ntica del Esp\u00ed\u00adritu Santo. Reconocemos que nos necesitamos los unos a los otros, de manera que juntos podamos discernir los puntos fuertes y los puntos debiles de los varios movimientos y fen\u00f3menos espirituales de nuestro tiempo.<\/span><\/span><\/p>\n<p align=\"left\"><span style=\"font-family: Arial, Helvetica, Geneva, Swiss, SunSans-Regular;\"><span style=\"font-size: small;\">Estamos familiarizados con las pr\u00e1cticas que se han identificado con varios movimientos de renovaci\u00f3n. Por ejemplo, el movimiento de \u00absantidad\u00bb se reconoce por sus llamadas al altar, por sus gritos de jubilo y por sus manos alzadas. El movimiento \u00abPentecostal\u00bb ha sido asociado con el don de lenguas y su interpretaci\u00f3n. El movimiento \u00abcarism\u00e1tico\u00bb se identifica por sus coros de alabanzas, y por sus manos alzadas en adoraci\u00f3n. El movimiento de la \u00abtercera ola\u00bb se caracteriza por una adoraci\u00f3n expresiva, la oraci\u00f3n corporativa y las ense\u00f1anzas sobre las guerras espirituales. Otros movimientos de renovaci\u00f3n son notorios por su \u00e9nfasis en las palabras prof\u00e9ticas y por ser derribados por el Esp\u00ed\u00adritu.<\/span><\/span><\/p>\n<p align=\"left\"><span style=\"font-family: Arial, Helvetica, Geneva, Swiss, SunSans-Regular;\"><span style=\"font-size: small;\">Los Hermanos en Cristo tratan de mantenerse al tanto de los movimientos del Esp\u00ed\u00adritu Santo y de mantenerse fieles a la Palabra de Dios, midiendo los movimientos contempor\u00e1neos de renovaci\u00f3n seg\u00fan tales par\u00e1metros b\u00ed\u00adblicos como:<\/span><\/span><\/p>\n<blockquote style=\"text-align: left;\"><p><span style=\"font-family: Arial, Helvetica, Geneva, Swiss, SunSans-Regular;\"><span style=\"font-size: small;\"><strong>El arrepentimiento<\/strong><\/span><\/span><\/p><\/blockquote>\n<blockquote style=\"text-align: left;\"><p><span style=\"font-family: Arial, Helvetica, Geneva, Swiss, SunSans-Regular;\"><span style=\"font-size: small;\">En toda la Biblia, el llamado-y la respuesta- el arrepentimiento, precede los nuevos derramamientos del Esp\u00ed\u00adritu de Dios. Desde los d\u00ed\u00adas de los profetas del Antiguo Testamento, hasta el serm\u00f3n de Pedro en Pentecost\u00e9s, los tiempos de renovaci\u00f3n espiritual est\u00e1n marcados por una verdad constante: Cuando la gente de Dios se humilla, confiesa sus pecados y sus necesidades y se vuelve hacia Dios para que los salve y los gu\u00ed\u00ade, Dios responde con avivamiento y con sus bendiciones (2 Cr\u00f3nicas 7:14).<\/span><\/span><\/p><\/blockquote>\n<blockquote style=\"text-align: left;\"><p><span style=\"font-family: Arial, Helvetica, Geneva, Swiss, SunSans-Regular;\"><span style=\"font-size: small;\"><strong>La plenitud del Esp\u00ed\u00adritu Santo<\/strong><\/span><\/span><\/p><\/blockquote>\n<blockquote style=\"text-align: left;\"><p><span style=\"font-family: Arial, Helvetica, Geneva, Swiss, SunSans-Regular;\"><span style=\"font-size: small;\">Cuando el pueblo de Dios ans\u00ed\u00ada y ora por la plenitud del Esp\u00ed\u00adritu Santo, Dios les da este generoso regalo. Jes\u00fas ense\u00f1\u00f3 que: \u00abPues si vosotros, siendo malos, sab\u00e9is dar buenas d\u00e1divas a vuestros hijos, \u00bfcu\u00e1nto m\u00e1s vuestro Padre celestial dar\u00e1 el Esp\u00ed\u00adritu Santo a los que se lo pidan?\u00bb (Lucas11:13). Cuando nos rendimos al reinado soberano de Jes\u00fas gracias a la presencia de Su Esp\u00ed\u00adritu en nosotros, el viento de renovaci\u00f3n sopla en la iglesia.<\/span><\/span><\/p><\/blockquote>\n<blockquote style=\"text-align: left;\"><p><span style=\"font-family: Arial, Helvetica, Geneva, Swiss, SunSans-Regular;\"><span style=\"font-size: small;\"><strong>La obediencia<\/strong><\/span><\/span><\/p><\/blockquote>\n<blockquote style=\"text-align: left;\"><p><span style=\"font-family: Arial, Helvetica, Geneva, Swiss, SunSans-Regular;\"><span style=\"font-size: small;\">Un renovado compromiso a la obediencia a Cristo est\u00e1 unido inseparablemente a la obra del Esp\u00ed\u00adritu Santo. El Ap\u00f3stol Pablo demuestra esta conexion cuando usa frases tales como \u00absed llenos del Esp\u00ed\u00adritu\u00bb (Efesios 5:18) y que \u00abla palabra de Cristo more en abundancia en vosotros\u00bb (Colosenses 3:16) alternativamente. \u00ed\u2030l ense\u00f1a que el creyente lleno del Esp\u00ed\u00adritu se distingue por los frutos del \u00ab&#8230;amor, gozo, paz, paciencia, benignidad, bondad, fe, mansedumbre y templanza&#8230;\u00bb (G\u00e1latas 5:22-23).<\/span><\/span><\/p><\/blockquote>\n<blockquote style=\"text-align: left;\"><p><span style=\"font-family: Arial, Helvetica, Geneva, Swiss, SunSans-Regular;\"><span style=\"font-size: small;\"><strong>La Comunidad<\/strong><\/span><\/span><\/p><\/blockquote>\n<blockquote style=\"text-align: left;\"><p><span style=\"font-family: Arial, Helvetica, Geneva, Swiss, SunSans-Regular;\"><span style=\"font-size: small;\">En Su interacci\u00f3n con la humanidad, Dios ha demostrado claramente Su inter\u00e9s en crear comunidades. Su llamado a Abraham fue un llamado para crear una naci\u00f3n (G\u00e9nesis12:3). \u00ed\u2030l instituy\u00f3 la iglesia para que fuese \u00ab&#8230;un linaje escogido, real sacerdocio, naci\u00f3n santa, pueblo adquirido por Dios \u00bb (1 Pedro 2:9). Por lo tanto, comunidad es una dimensi\u00f3n vital de toda renovaci\u00f3n enraizada en Dios.<\/span><\/span><\/p><\/blockquote>\n<blockquote style=\"text-align: left;\"><p><span style=\"font-family: Arial, Helvetica, Geneva, Swiss, SunSans-Regular;\"><span style=\"font-size: small;\"><strong>El testimonio y el servicio<\/strong><\/span><\/span><\/p><\/blockquote>\n<blockquote style=\"text-align: left;\"><p><span style=\"font-family: Arial, Helvetica, Geneva, Swiss, SunSans-Regular;\"><span style=\"font-size: small;\">La iglesia experimenta nuevas manifestaciones de la gracia de Dios cuando se esfuerza para extenderse en su testimonio y servicio en el mundo. A. W. Tozer coment\u00f3 que: \u00abDios trabaja en la medida en que Su pueblo vive con arrojo. \u00ed\u2030l cesa de hacerlo cuando ya no necesitan de Su ayuda.\u00bb (1) En la medida en que la iglesia se esfuerza para extenderse, aun m\u00e1s all\u00e1 de lo que le permite su capacidad humana, obedeciendo la Gran Comision de hacer disc\u00ed\u00adpulos, y en la medida en que busca ser una influencia redentora en el mundo gracias a sus actos de amor y de compasi\u00f3n, as\u00ed\u00ad recibe del Esp\u00ed\u00adritu Santo la direcci\u00f3n y el poder para realizar Su llamado.<\/span><\/span><\/p><\/blockquote>\n<p align=\"left\"><span style=\"font-family: Arial, Helvetica, Geneva, Swiss, SunSans-Regular;\"><span style=\"font-size: small;\">Los Hermanos en Cristo afirman que las siguientes pautas nos pueden ayudar a determinar lo que es un movimiento aut\u00e9ntico del Esp\u00ed\u00adritu Santo:<\/span><\/span><\/p>\n<ul>\n<li>\n<p align=\"left\"><span style=\"font-size: small;\"><span style=\"font-family: Arial, Helvetica, Geneva, Swiss, SunSans-Regular;\">Los Hermanos en Cristo afirman la obra del Esp\u00ed\u00adritu Santo, tanto en un nivel personal como corporativo.<\/span><\/span><\/p>\n<\/li>\n<\/ul>\n<ul>\n<li>\n<p align=\"left\"><span style=\"font-size: small;\"><span style=\"font-family: Arial, Helvetica, Geneva, Swiss, SunSans-Regular;\">Celebramos y fomentamos comunidad como el contexto de nuestra participaci\u00f3n com\u00fan en el don del Esp\u00ed\u00adritu Santo, dado en respuesta a nuestra fe y a nuestra dedicaci\u00f3n a Jesucristo como Salvador y Se\u00f1or (1 Corintios 12:7, 24-26; Efesios 4:3).<\/span><\/span><\/p>\n<\/li>\n<\/ul>\n<ul>\n<li>\n<p align=\"left\"><span style=\"font-size: small;\"><span style=\"font-family: Arial, Helvetica, Geneva, Swiss, SunSans-Regular;\">Alentamos a todas las personas e iglesias a buscar a Dios para obtener la plenitud del Esp\u00ed\u00adritu Santo.<\/span><\/span><\/p>\n<\/li>\n<\/ul>\n<ul>\n<li>\n<p align=\"left\"><span style=\"font-size: small;\"><span style=\"font-family: Arial, Helvetica, Geneva, Swiss, SunSans-Regular;\">Afirmamos la vitalidad en nuestros servicios de adoraci\u00f3n publica y reconocemos que la gente experimenta a Dios de varias formas y lo adora de distintas maneras.<\/span><\/span><\/p>\n<\/li>\n<\/ul>\n<ul>\n<li>\n<p align=\"left\"><span style=\"font-size: small;\"><span style=\"font-family: Arial, Helvetica, Geneva, Swiss, SunSans-Regular;\">Anticipamos que los frutos del Esp\u00ed\u00adritu (el amor, el gozo, la paz, etc.) se har\u00e1n evidentes en una renovaci\u00f3n espiritual (G\u00e1latas 5:22-26).<\/span><\/span><\/p>\n<\/li>\n<\/ul>\n<ul>\n<li>\n<p align=\"left\"><span style=\"font-size: small;\"><span style=\"font-family: Arial, Helvetica, Geneva, Swiss, SunSans-Regular;\">Entendemos que los dones del Esp\u00ed\u00adritu se otorgan para fortalecer y engrandecer al cuerpo de Cristo. Los dones espirituales son regidos por el amor y se usan para el bien com\u00fan de la iglesia (Efesios 4:11-12).<\/span><\/span><\/p>\n<\/li>\n<\/ul>\n<ul>\n<li>\n<p align=\"left\"><span style=\"font-size: small;\"><span style=\"font-family: Arial, Helvetica, Geneva, Swiss, SunSans-Regular;\">Nos damos cuenta de que la Biblia afirma una variedad de dones y de experiencias espirituales.<\/span><\/span><\/p>\n<\/li>\n<\/ul>\n<ul>\n<li>\n<p align=\"left\"><span style=\"font-size: small;\"><span style=\"font-family: Arial, Helvetica, Geneva, Swiss, SunSans-Regular;\">Reconocemos que nos necesitamos mutuamente para que juntos podamos discernir los puntos fuertes y las debilidades de los diversos movimientos y experiencias espirituales de la actualidad.<\/span><\/span><\/p>\n<\/li>\n<\/ul>\n<ul>\n<li>\n<p align=\"left\"><span style=\"font-size: small;\"><span style=\"font-family: Arial, Helvetica, Geneva, Swiss, SunSans-Regular;\">Hacemos hincapi\u00e9 en el papel de los obispos y de los pastores en la instrucci\u00f3n clara de las personas sobre las ense\u00f1anzas b\u00ed\u00adblicas, tales como la pureza del coraz\u00f3n y la santidad de la vida, de modo que las personas puedan distinguir entre los elementos esenciales y los elementos secundarios de la renovaci\u00f3n espiritual.<\/span><\/span><\/p>\n<\/li>\n<\/ul>\n<ul>\n<li>\n<p align=\"left\"><span style=\"font-size: small;\"><span style=\"font-family: Arial, Helvetica, Geneva, Swiss, SunSans-Regular;\">Creemos que el Esp\u00ed\u00adritu Santo exalta a Cristo para la gloria de Dios (Juan 16:12-14; 1 Corintios 12:1-3; Efesios 4:11-16).<\/span><\/span><\/p>\n<\/li>\n<\/ul>\n<p align=\"left\"><span style=\"font-family: Arial, Helvetica, Geneva, Swiss, SunSans-Regular;\"><span style=\"font-size: small;\"><em>(1) A. W. Tozer, Paths to Power<\/em><\/span><\/span><\/p>\n<p align=\"left\"><span style=\"font-family: Arial, Helvetica, Geneva, Swiss, SunSans-Regular;\"><span style=\"font-size: small;\"><em>Este folleto ha sido resumido y adaptado de un informe del equipo sobre la renovaci\u00f3n espiritual, presentado a la Conferencia general de 1996 de la Iglesia de los Hermanos en Cristo.<\/em><\/span><\/span><\/p>\n","protected":false},"excerpt":{"rendered":"<p>Por Warren L. Hoffman Los Hermanos en Cristo siempre han sido receptivos a travez de su historia a la obra del Esp\u00ed\u00adritu Santo. Tambi\u00e9n hoy&hellip;<\/p>\n","protected":false},"author":3,"featured_media":0,"parent":23,"menu_order":0,"comment_status":"closed","ping_status":"closed","template":"","meta":{"footnotes":""},"class_list":["post-28","page","type-page","status-publish","hentry"],"_links":{"self":[{"href":"https:\/\/anabautistas.org\/index.php?rest_route=\/wp\/v2\/pages\/28"}],"collection":[{"href":"https:\/\/anabautistas.org\/index.php?rest_route=\/wp\/v2\/pages"}],"about":[{"href":"https:\/\/anabautistas.org\/index.php?rest_route=\/wp\/v2\/types\/page"}],"author":[{"embeddable":true,"href":"https:\/\/anabautistas.org\/index.php?rest_route=\/wp\/v2\/users\/3"}],"replies":[{"embeddable":true,"href":"https:\/\/anabautistas.org\/index.php?rest_route=%2Fwp%2Fv2%2Fcomments&post=28"}],"version-history":[{"count":2,"href":"https:\/\/anabautistas.org\/index.php?rest_route=\/wp\/v2\/pages\/28\/revisions"}],"predecessor-version":[{"id":878,"href":"https:\/\/anabautistas.org\/index.php?rest_route=\/wp\/v2\/pages\/28\/revisions\/878"}],"up":[{"embeddable":true,"href":"https:\/\/anabautistas.org\/index.php?rest_route=\/wp\/v2\/pages\/23"}],"wp:attachment":[{"href":"https:\/\/anabautistas.org\/index.php?rest_route=%2Fwp%2Fv2%2Fmedia&parent=28"}],"curies":[{"name":"wp","href":"https:\/\/api.w.org\/{rel}","templated":true}]}}