{"id":26,"date":"2007-10-16T16:54:02","date_gmt":"2007-10-16T16:54:02","guid":{"rendered":"http:\/\/anabautistas.org\/portal\/?page_id=26"},"modified":"2021-09-14T07:06:35","modified_gmt":"2021-09-14T07:06:35","slug":"la-guerra","status":"publish","type":"page","link":"https:\/\/anabautistas.org\/?page_id=26","title":{"rendered":"La guerra"},"content":{"rendered":"<p>Por Martin H. Schrag<\/p>\n<p>Vivimos en tiempos de violencia y de guerras. Los conflictos abundan, desde el abuso de los ni\u00f1os a las armas nucleares. La humanidad ha avanzado en cuanto a los medios de comunicaci\u00f3n, el transporte, la educaci\u00f3n y la medicina, pero al mismo tiempo, los m\u00e9todos de destrucci\u00f3n se han hecho cada vez m\u00e1s horrendos y aterradores.<\/p>\n<p>Esta situaci\u00f3n tan sombr\u00ed\u00ada contrasta con el rechazo que Cristo hace de la violencia y de la guerra como estilo de vida y con la forma amorosa de relacionarnos que El revelo para Sus seguidores. \u00ed\u2030l am\u00f3 a sus enemigos y pide que nosotros amemos a los nuestros. Cuando sus disc\u00ed\u00adpulos supieron que Cristo iba a ser crucificado, no lo pod\u00ed\u00adan creer, pero despu\u00e9s de la crucifixi\u00f3n, la resurrecci\u00f3n y de ser bautizados con el Esp\u00ed\u00adritu Santo, experimentaron el amor de Dios en su coraz\u00f3n y divulgaron el mensaje del evangelio por todo el imperio romano.<\/p>\n<p>Esa fue una nueva forma de responder al pecado, a la maldad y a la violencia: la proclamaci\u00f3n del evangelio del amor de Dios en Cristo para la transformaci\u00f3n de los corazones fue una manera de convertir a los enemigos en seguidores de Cristo. En las primeras iglesias, los creyente ingresaban a las nuevas comunidades y para ellos, Cristo-y no el estado-era el Se\u00f1or. Ellos aceptaron el martirio (imitando a Cristo) en vez de de usar las espadas. Ellos eligieron dar su vida, y no tomar la vida de los dem\u00e1s.<\/p>\n<p>La naturaleza de Cristo<\/p>\n<p>La Iglesia de los Hermanos en Cristo cree que la Biblia es la autoridad suprema en todos los asuntos de la fe y de las pr\u00e1cticas religiosas. La Biblia indica claramente que Jes\u00fas fue Dios hecho carne. Juan escribi\u00f3 que \u00ab&#8230;aquel Verbo fue hecho carne\u00bb en Jes\u00fas (Juan 1:14) y Jes\u00fas mismo dijo: \u00abYo y el Padre uno somos.\u00bb (Juan 10:30). El hecho de que Jes\u00fas es el Hijo de Dios significa varias cosas. Primero, Jes\u00fas revel\u00f3 completamente las normas espirituales y morales de Dios a sus disc\u00ed\u00adpulos. Segundo, el AntiguoTestamento se debe leer a la luz de la venida de Cristo y del Nuevo Testamento. Por \u00faltimo, los valores \u00e9ticos de Jesucristo no deben considerarse poco realistas o simplistas. Jes\u00fas es el Se\u00f1or.<\/p>\n<p>Jes\u00fas tambi\u00e9n fue un ser humano. Tuvo una madre, creci\u00f3 y lleg\u00f3 a la edad adulta, experiment\u00f3 las emociones humanas, incluso las tentaciones, hubo momentos en que no supo qu\u00e9 hacer, sufri\u00f3 la crucifixi\u00f3n y muri\u00f3. Su humanidad le permiti\u00f3 entender la condici\u00f3n humana, le permiti\u00f3 modelar el amor Cristiano y abri\u00f3 el camino para sus ense\u00f1anzas sobre el pecado, la salvaci\u00f3n y la santidad. La humanidad de Cristo le permiti\u00f3 morir por los pecadores y hacer posible la resurrecci\u00f3n y la vida eterna.<\/p>\n<p>Las ense\u00f1anzas de Cristo<\/p>\n<p>Jes\u00fas define con exactitud el amor verdadero. Nuestro Se\u00f1or sobrepasa el principio de \u00abojo por ojo y diente por diente\u00bb del Antiguo Testamento, evidente en las guerras al decirle a Sus disc\u00ed\u00adpulos \u00abNo resistan al malo\u00bb (Mateo 5:39), haciendo el mal, sino que les mando que amacen a esas personas.<\/p>\n<p>Adem\u00e1s Jes\u00fas dijo: \u00abOyeron que fue dicho: Amar\u00e1s a tu pr\u00f3jimo, y aborrecer\u00e1s a tu enemigo. Pero yo les digo: Amen a sus enemigos, bendigan a los que les maldicen\u00bb (Mateo 5:43-44). Al hacer esto, dice Jes\u00fas, sus disc\u00ed\u00adpulos imitar\u00e1n el amor que Dios siente por sus enemigos. La primera parte de la frase: \u00abAmar\u00e1s a tu pr\u00f3jimo\u00bb, es una cita directa de Lev\u00ed\u00adtico 19:18; los jud\u00ed\u00ados definian al projimo como a una persona de su misma religi\u00f3n. La segunda parte de la frase: \u00abodia a tu enemigo\u00bb, no aparece en el Antiguo Testamento, pero en los tiempos de Jes\u00fas, toda persona no jud\u00ed\u00ada era considerada como enemiga.<\/p>\n<p>El enfoque de Jes\u00fas fue radicalmente distinto al de los jud\u00ed\u00ados. \u00ed\u2030l ense\u00f1o a \u00aborar por\u00bb, a \u00abhacer el bien a\u00bb y a \u00abbendecir\u00bb a quienes nos odian (Lucas 6:27-28). \u00ed\u2030l pidi\u00f3 que hagamos un esfuerzo mayor de lo normal. Incluso los pecadores aman a quienes los aman, nos record\u00f3. Cristo vino para divulgar un entendimiento que va m\u00e1s all\u00e1 del entendimiento usual: vencer al mal haciendo el bien.<\/p>\n<p>Las acciones de Cristo<\/p>\n<p>Las acciones de Jes\u00fas tambi\u00e9n revelan la nueva manera de enfrentar la maldad. Es sorprendente la cantidad de personas desgraciadas y antipaticas que am\u00f3 durante Su ministerio. Sinti\u00f3 afecto por los samaritanos, los romanos, los cananeos, los leprosos, las prostitutas, los recaudadores de impuestos y las personas pose\u00ed\u00addas por el demonio. Jes\u00fas tambi\u00e9n sinti\u00f3 afecto por quienes trataron de nulificar su ministerio: los herodianos, los l\u00ed\u00adderes jud\u00ed\u00ados y los romanos-todos aquellos que se valieron de la violencia. A diferencia de ellos, Jes\u00fas demostr\u00f3 en su amoroso ministerio, sin apelar al uso de la fuerza, el verdadero poder de Dios.<\/p>\n<p>Cuando dos de sus disc\u00ed\u00adpulos quisieron que lloviera fuego sobre los samaritanos, Jes\u00fas los corrigi\u00f3. Durante el arresto de Jes\u00fas, Pedro quiso defenderlo con una espada. Nuestro Se\u00f1or le llam\u00f3 la atenci\u00f3n de Pedro, diciendo: \u00ab&#8230; todos los que tomen espada, a espada perecer\u00e1n\u00bb (Mateo 26:52). Aqu\u00ed\u00ad rechaza la violencia como medio de defensa. M\u00e1s adelante, en respuesta a una pregunta de Pilato, Jes\u00fas dice: \u00abMi reino no es de este mundo; si mi reino fuera de este mundo, mis servidores pelear\u00ed\u00adan para que yo no fuera entregado a los jud\u00ed\u00ados; pero mi reino no es de aqu\u00ed\u00ad.\u00bb (Juan 18:36). Jes\u00fas repudi\u00f3 a la guerra y la violencia como la forma para establecer Su reino en este mundo eligiendo en lugar de ello el m\u00e9todo del amor sacrificado.<\/p>\n<p>La cruz fue el punto culminante de su amor servicial. Esta derrota aparente se convirti\u00f3 en el acto supremo de amor y de poder. Dios nos am\u00f3 tanto que cada nuevo creyente puede ser una \u00abnueva criatura\u00bb, ya que \u00e9l fue \u00abquien nos reconcili\u00f3 consigo mismo por Cristo\u00bb, perdonando nuestros pecados y convirti\u00e9ndonos en sus embajadores para que proclamemos el mensaje de la reconciliaci\u00f3n (2 Corintios 5:17-21). Los enemigos se vuelven amigos por medio de Cristo. Por un lado, la ira de Dios se revela contra todo pecado (Romanos 1:18). Por otro lado, la humanidad es hostil a Dios (Romanos 8:7). Pero Cristo fue el puente entre el abismo de la ira de Dios y la enemistad del hombre. Pablo escribe: \u00abPorque si siendo enemigos, fuimos reconciliados con Dios por la muerte de su Hijo\u00bb (Romanos 5:10). Cristo muri\u00f3 para salvar a sus enemigos. Ese amor por el enemigo es el coraz\u00f3n de la expiaci\u00f3n de Cristo. Pasamos, de ser enemigos, a amar a Dios, ya que lo que la santidad de Dios exige, el amor de Dios por Su Hijo lo procura (2 Corintios 5:17-21).<\/p>\n<p>Antes de la crucifixi\u00f3n, los disc\u00ed\u00adpulos no comprend\u00ed\u00adan el camino de la cruz. Fue s\u00f3lo despu\u00e9s de Pentecost\u00e9s que los disc\u00ed\u00adpulos vieron que la cruz no llevaba a la derrota, sino a una nueva forma de demostrar amor. Por ende, el ejemplo del ministerio de amor de Cristo se convirti\u00f3 en un punto importante de las ense\u00f1anzas de los Ap\u00f3stoles. La v\u00ed\u00advida demostraci\u00f3n de amor de Cristo es nuestro ejemplo espiritual y moral. Debemos ser fieles a toda costa, incluso si nuestros enemigos nos matan, como ocurri\u00f3 con Cristo. As\u00ed\u00ad como la resurrecci\u00f3n fue subsecuente a la muerte de Cristo, Dios usar\u00e1 la fidelidad de los que creen en la paz, seg\u00fan lo ense\u00f1a la Biblia, para fomentar sus propositos.<\/p>\n<p>El cuerpo de Cristo<\/p>\n<p>Para los cristianos, la diferencia b\u00e1sica est\u00e1 entre las personas salvadas y las personas perdidas, no entre dos o m\u00e1s sistemas pol\u00ed\u00adticos. Las naciones se vuelven hostiles contra sus enemigos. En contraste, los cristianos comparten el Evangelio con los no-cristianos; ellos aman a quienes son hostiles a Dios. Matar a un no-cristiano es impedirle llegar a ser un cristiano. Nuestra tarea no es quitarles la vida, sino darles nuestra vida para que le puedan decir \u00abs\u00ed\u00ad\u00bb a Cristo.<\/p>\n<p>Si luchamos contra otros cristianos y los destruimos estamos dividiendo el cuerpo de Cristo: matando a quienes creen al igual que nosotros. Para los cristianos, la unidad b\u00e1sica espiritual y social es la iglesia, no con Cristo como su gobernador pol\u00ed\u00adtico, sino como su cabeza. Los cristianos son el \u00ab&#8230; linaje escogido, real sacerdocio, naci\u00f3n santa, pueblo adquirido por Dios\u00bb (1 Pedro 2:9). Al morir en la cruz, Cristo vence la hostilidad social m\u00e1s marcada en el mundo antiguo, aquella entre gentiles y jud\u00ed\u00ados, y abri\u00f3 el camino para crear una comunidad cristiana armoniosa (Efesios 2:11-22).<\/p>\n<p>El Libro de los Hechos es la historia emocionante de la conversi\u00f3n del pueblo de Dios en un ente interracial, transcultural y supranacional. Los cristianos se convirtieron en una comuni\u00f3n amorosa. Esta interdependencia mutua se consumar\u00e1 cuando los cristianos \u00ab&#8230; de todas naciones y tribus y pueblos y lenguas\u00bb, se conviertan en uno \u00ab&#8230; delante del trono y en la presencia del Cordero\u00bb (Apocalipsis 7:9). La iglesia es la sociedad global cuya lealtad a Cristo trasciende las lealtades nacionales y cuya misi\u00f3n es la Gran Comision \u00abId por todo el mundo y predicad el evangelio a toda criatura.\u00bb (Marcos 16:15).<\/p>\n<p>La no-resistencia b\u00ed\u00adblica no significa la pasividad frente a la maldad. Exige una respuesta vigorosa, amorosa, no-violenta, en la que tanto la forma de proceder y el objetivo que deseemos obtener nos permitan hallar una soluci\u00f3n positiva. En la guerra, la forma en que procedemos corrompe la meta que deseamos lograr. Para algunas personas, amar a nuestros enemigos es algo tonto o es un impedimento. Pero aquellos cuyo amor por Dios ha vencido su hostilidad, entienden que deben amar a los dem\u00e1s como Dios los ama a ellos. Al conocer el poder del amor, ellos siguen a Su Se\u00f1or.<\/p>\n","protected":false},"excerpt":{"rendered":"<p>Por Martin H. Schrag Vivimos en tiempos de violencia y de guerras. Los conflictos abundan, desde el abuso de los ni\u00f1os a las armas nucleares.&hellip;<\/p>\n","protected":false},"author":3,"featured_media":0,"parent":23,"menu_order":0,"comment_status":"closed","ping_status":"closed","template":"","meta":{"footnotes":""},"class_list":["post-26","page","type-page","status-publish","hentry"],"_links":{"self":[{"href":"https:\/\/anabautistas.org\/index.php?rest_route=\/wp\/v2\/pages\/26"}],"collection":[{"href":"https:\/\/anabautistas.org\/index.php?rest_route=\/wp\/v2\/pages"}],"about":[{"href":"https:\/\/anabautistas.org\/index.php?rest_route=\/wp\/v2\/types\/page"}],"author":[{"embeddable":true,"href":"https:\/\/anabautistas.org\/index.php?rest_route=\/wp\/v2\/users\/3"}],"replies":[{"embeddable":true,"href":"https:\/\/anabautistas.org\/index.php?rest_route=%2Fwp%2Fv2%2Fcomments&post=26"}],"version-history":[{"count":2,"href":"https:\/\/anabautistas.org\/index.php?rest_route=\/wp\/v2\/pages\/26\/revisions"}],"predecessor-version":[{"id":877,"href":"https:\/\/anabautistas.org\/index.php?rest_route=\/wp\/v2\/pages\/26\/revisions\/877"}],"up":[{"embeddable":true,"href":"https:\/\/anabautistas.org\/index.php?rest_route=\/wp\/v2\/pages\/23"}],"wp:attachment":[{"href":"https:\/\/anabautistas.org\/index.php?rest_route=%2Fwp%2Fv2%2Fmedia&parent=26"}],"curies":[{"name":"wp","href":"https:\/\/api.w.org\/{rel}","templated":true}]}}