{"id":23,"date":"2007-10-16T16:48:43","date_gmt":"2007-10-16T16:48:43","guid":{"rendered":"http:\/\/anabautistas.org\/portal\/?page_id=23"},"modified":"2021-09-14T07:04:09","modified_gmt":"2021-09-14T07:04:09","slug":"acentos-propios","status":"publish","type":"page","link":"https:\/\/anabautistas.org\/?page_id=23","title":{"rendered":"Asuntos y acentos"},"content":{"rendered":"<p>Los Hermanos en Cristo tenemos como denominaci\u00f3n algunos acentos propios. Algunos de ellos provienen de nuestros or\u00ed\u00adgenes anabautistas. Adem\u00e1s de sus ra\u00ed\u00adces anabautistas, los Hermanos en Cristo fueron influidos a lo largo de su historia por diversos movimientos de renovaci\u00f3n en el protestantismo evang\u00e9lico, tales como el pietismo y el movimiento de santidad. De todo ello se derivan algunos \u00e9nfasis, cuyo origen encontramos en las Escrituras.<\/p>\n<h2>\u00abPero yo, cuando sea levantado de la tierra, atraer\u00e9 a todos a m\u00ed mismo.\u00bb<\/h2>\n<h2>&#8211; Jes\u00fas<\/h2>\n<h4>El Bautismo<\/h4>\n<p>En t\u00e9rminos hist\u00f3ricos, el bautismo por agua fue un ritual de iniciaci\u00f3n y la pr\u00e1ctica de casi todo cristiano. Fue un punto importante al comienzo del ministerio de Cristo y tambi\u00e9n un punto resaltante en Sus \u00faltimas palabras a los disc\u00ed\u00adpulos antes de su ascensi\u00f3n (Mateo 3:6; 28:19).<\/p>\n<p><a title=\"El bautismo\" href=\"https:\/\/anabautistas.org\/?page_id=25\">Leer m\u00e1s&#8230;<\/a><\/p>\n<h4>La Guerra<\/h4>\n<p>Vivimos en tiempos de violencia y de guerras. Los conflictos abundan, desde el abuso de los ni\u00f1os a las armas nucleares. La humanidad ha avanzado en cuanto a los medios de comunicaci\u00f3n, el transporte, la educaci\u00f3n y la medicina, pero al mismo tiempo, los m\u00e9todos de destrucci\u00f3n se han hecho cada vez m\u00e1s horrendos y aterradores.<\/p>\n<p><a title=\"La guerra\" href=\"https:\/\/anabautistas.org\/?page_id=26\">Leer m\u00e1s&#8230;<\/a><\/p>\n<h4>La Renovaci\u00f3n Espiritual<\/h4>\n<p>Los Hermanos en Cristo siempre han sido receptivos a travez de su historia a la obra del Esp\u00ed\u00adritu Santo. Tambi\u00e9n hoy deseamos ser receptivos a lo que Dios le esta diciendo a la iglesia. Tanto en nuestras ra\u00ed\u00adces hist\u00f3ricas como en nuestras aspiraciones actuales, poseemos un rico contexto de renovaci\u00f3n espiritual.<\/p>\n<p><a title=\"La renovaci\u00f3n espiritual\" href=\"https:\/\/anabautistas.org\/?page_id=28\">Leer m\u00e1s&#8230;<\/a><\/p>\n<h4>La Salvaci\u00f3n<\/h4>\n<p>La salvaci\u00f3n es una palabra ampliamente usada en el cristianismo. Significa libertad del pecado y del enemigo. Significa ser tra\u00ed\u00addo a la seguridad del Reino de Dios. Significa tener vida en abundancia (Juan 10:10). La Salvaci\u00f3n tiene un doble car\u00e1cter, salvaci\u00f3n del pecado y salvaci\u00f3n a vida eterna.<\/p>\n<p><a title=\"La salvaci\u00f3n\" href=\"https:\/\/anabautistas.org\/?page_id=29\">Leer m\u00e1s&#8230;<\/a><\/p>\n<h4>La Santificaci\u00f3n<\/h4>\n<p>La santificaci\u00f3n significa \u201cser apartado para Dios.\u201d Dos ideas b\u00e1sicas y correlacionadas se contienen en esto. Una es la consagraci\u00f3n en la que los cristianos deben considerarse a s\u00ed\u00ad mismos la propiedad de Dios, comprados por el precio de la sangre de Cristo (1 Corintios 6:19, 20). Ellos deben dedicarse a s\u00ed\u00ad mismos a hacer Su voluntad en todos los aspectos de sus vidas.<\/p>\n<p><a title=\"La santificaci\u00f3n\" href=\"https:\/\/anabautistas.org\/?page_id=30\">Leer m\u00e1s&#8230;<\/a><\/p>\n<h4>La Sexualidad<\/h4>\n<p>La sexualidad humana se extiende por casi todas las \u00e1reas de nuestra vida. La sexualidad implica mucho m\u00e1s que las diferencias f\u00ed\u00adsicas entre los hombres y las mujeres y va m\u00e1s all\u00e1 del acto f\u00ed\u00adsico sexual en el matrimonio. Es la expresi\u00f3n de toda la persona entera que vive la sinfon\u00ed\u00ada de la existencia humana.<\/p>\n<p><a title=\"La sexualidad\" href=\"https:\/\/anabautistas.org\/?page_id=31\">Leer m\u00e1s&#8230;<\/a><\/p>\n<h4>La Violencia<\/h4>\n<p>En nuestro mundo, la violencia se ha convertido en una epidemia. En Am\u00e9rica del Norte, los asesinatos, las violaciones, los robos, los asaltos violentos y los allanamientos han alcanzado niveles alarmantes en las \u00faltimas dos d\u00e9cadas. Lo que es m\u00e1s alarmantes es la violencia en el hogar; todo tipo de abusos contra los ni\u00f1os, los c\u00f3nyuges e incluso los padres.<\/p>\n<p><a title=\"La violencia\" href=\"https:\/\/anabautistas.org\/?page_id=32\">Leer m\u00e1s&#8230;<\/a><\/p>\n<h4>Los Juegos de Azar<\/h4>\n<p>Los juegos de azar se han difundido en tal medida en Am\u00e9rica del Norte que se estima que los ciudadanos de EE.UU. y de Canad\u00e1 gastan m\u00e1s en juegos de azar que en su comida o su vestimenta. (1) Los juegos de azar no s\u00f3lo abundan en Am\u00e9rica del Norte; son un vicio que se encuentra en todas partes del mundo. Existen juegos de azar en casi todos lados.<\/p>\n<p><a title=\"Los juegos de azar\" href=\"https:\/\/anabautistas.org\/?page_id=33\">Leer m\u00e1s&#8230;<\/a><\/p>\n","protected":false},"excerpt":{"rendered":"<p>Los Hermanos en Cristo tenemos como denominaci\u00f3n algunos acentos propios. Algunos de ellos provienen de nuestros or\u00ed\u00adgenes anabautistas. Adem\u00e1s de sus ra\u00ed\u00adces anabautistas, los Hermanos&hellip;<\/p>\n","protected":false},"author":3,"featured_media":0,"parent":0,"menu_order":3,"comment_status":"closed","ping_status":"closed","template":"","meta":{"footnotes":""},"class_list":["post-23","page","type-page","status-publish","hentry"],"_links":{"self":[{"href":"https:\/\/anabautistas.org\/index.php?rest_route=\/wp\/v2\/pages\/23"}],"collection":[{"href":"https:\/\/anabautistas.org\/index.php?rest_route=\/wp\/v2\/pages"}],"about":[{"href":"https:\/\/anabautistas.org\/index.php?rest_route=\/wp\/v2\/types\/page"}],"author":[{"embeddable":true,"href":"https:\/\/anabautistas.org\/index.php?rest_route=\/wp\/v2\/users\/3"}],"replies":[{"embeddable":true,"href":"https:\/\/anabautistas.org\/index.php?rest_route=%2Fwp%2Fv2%2Fcomments&post=23"}],"version-history":[{"count":5,"href":"https:\/\/anabautistas.org\/index.php?rest_route=\/wp\/v2\/pages\/23\/revisions"}],"predecessor-version":[{"id":875,"href":"https:\/\/anabautistas.org\/index.php?rest_route=\/wp\/v2\/pages\/23\/revisions\/875"}],"wp:attachment":[{"href":"https:\/\/anabautistas.org\/index.php?rest_route=%2Fwp%2Fv2%2Fmedia&parent=23"}],"curies":[{"name":"wp","href":"https:\/\/api.w.org\/{rel}","templated":true}]}}