{"id":21,"date":"2007-10-16T15:25:58","date_gmt":"2007-10-16T15:25:58","guid":{"rendered":"http:\/\/anabautistas.org\/portal\/?page_id=21"},"modified":"2021-09-15T07:15:04","modified_gmt":"2021-09-15T07:15:04","slug":"seguimiento","status":"publish","type":"page","link":"https:\/\/anabautistas.org\/?page_id=21","title":{"rendered":"Seguimiento"},"content":{"rendered":"<p><img loading=\"lazy\" decoding=\"async\" class=\"alignleft\" src=\"https:\/\/anabautistas.org\/seguimiento.jpg\" width=\"189\" height=\"150\" align=\"left\" \/>El cristianismo no se termina el d\u00ed\u00ada que recibimos a Jes\u00fas como nuestro Se\u00f1or. M\u00e1s bien ese d\u00ed\u00ada, que todos los creyentes recordamos con emoci\u00f3n, es el comienzo de un camino. Un camino apasionante, lleno de bendiciones, pero tambi\u00e9n un camino estrecho, en el que hay dificultades y pruebas. Todo ello es necesario para nuestro crecimiento como creyentes. Y es necesario para seguir a Jes\u00fas de cerca.<\/p>\n<p>Uno de los primeros escritores anabautistas del siglo XVI lo expresaba de esta manera: \u00abnadie puede conocer a Cristo, a no ser que lo siga en la vida\u00bb (Hans Denk).<\/p>\n<p>Un \u00e9nfasis propio de los anabautistas siempre ha sido subrayar que la justificaci\u00f3n por la fe tiene que concretarse en una vida santa, seg\u00fan los criterios del Serm\u00f3n del Monte. De hecho, los anabautistas llamaron la atenci\u00f3n a sus perseguidores, tanto cat\u00f3licos como protestantes, por el testimonio de su vida recta, del amor mutuo, y por su valent\u00ed\u00ada al afrontar el martirio. \u00a1Alguno de los inquisidores lleg\u00f3 a escribir que tanta santidad no era posible, m\u00e1s que como un enga\u00f1o del diablo!<\/p>\n<p>Esta importancia del seguimiento ha hecho que los Hermanos en Cristo hayan estado abiertos a aquellos movimientos de renovaci\u00f3n que se han ido produciendo a lo largo de la historia del cristianismo evang\u00e9lico, tales como el pietismo y el movimiento de santidad. En la actualidad, tambi\u00e9n hay muchas iglesias anabautistas que han recibido un influjo moderado de los movimientos de renovaci\u00f3n espiritual.<\/p>\n","protected":false},"excerpt":{"rendered":"<p>El cristianismo no se termina el d\u00ed\u00ada que recibimos a Jes\u00fas como nuestro Se\u00f1or. M\u00e1s bien ese d\u00ed\u00ada, que todos los creyentes recordamos con emoci\u00f3n,&hellip;<\/p>\n","protected":false},"author":3,"featured_media":0,"parent":10,"menu_order":60,"comment_status":"closed","ping_status":"closed","template":"","meta":{"footnotes":""},"class_list":["post-21","page","type-page","status-publish","hentry"],"_links":{"self":[{"href":"https:\/\/anabautistas.org\/index.php?rest_route=\/wp\/v2\/pages\/21"}],"collection":[{"href":"https:\/\/anabautistas.org\/index.php?rest_route=\/wp\/v2\/pages"}],"about":[{"href":"https:\/\/anabautistas.org\/index.php?rest_route=\/wp\/v2\/types\/page"}],"author":[{"embeddable":true,"href":"https:\/\/anabautistas.org\/index.php?rest_route=\/wp\/v2\/users\/3"}],"replies":[{"embeddable":true,"href":"https:\/\/anabautistas.org\/index.php?rest_route=%2Fwp%2Fv2%2Fcomments&post=21"}],"version-history":[{"count":3,"href":"https:\/\/anabautistas.org\/index.php?rest_route=\/wp\/v2\/pages\/21\/revisions"}],"predecessor-version":[{"id":1090,"href":"https:\/\/anabautistas.org\/index.php?rest_route=\/wp\/v2\/pages\/21\/revisions\/1090"}],"up":[{"embeddable":true,"href":"https:\/\/anabautistas.org\/index.php?rest_route=\/wp\/v2\/pages\/10"}],"wp:attachment":[{"href":"https:\/\/anabautistas.org\/index.php?rest_route=%2Fwp%2Fv2%2Fmedia&parent=21"}],"curies":[{"name":"wp","href":"https:\/\/api.w.org\/{rel}","templated":true}]}}