{"id":20,"date":"2007-10-16T15:23:30","date_gmt":"2007-10-16T15:23:30","guid":{"rendered":"http:\/\/anabautistas.org\/portal\/?page_id=20"},"modified":"2021-09-15T07:14:45","modified_gmt":"2021-09-15T07:14:45","slug":"comunidad","status":"publish","type":"page","link":"https:\/\/anabautistas.org\/?page_id=20","title":{"rendered":"Comunidad"},"content":{"rendered":"<p><img loading=\"lazy\" decoding=\"async\" class=\"alignleft\" src=\"https:\/\/anabautistas.org\/comunidad.jpg\" width=\"193\" height=\"144\" align=\"left\" \/>Se piensa generalmente que el protestantismo equivale a individualismo. Esto puede ser cierto si se habla de ciertas formas de protestantismo, pero no en el caso de los anabautistas. Los anabautistas se propusieron restaurar la iglesia cristiana originaria seg\u00fan los criterios del Nuevo Testamento. Por eso no les convenc\u00ed\u00ada ni el individualismo de quienes consideraban que la iglesia no es necesaria para ser cristiano, ni la identificaci\u00f3n de la iglesia con una instituci\u00f3n jer\u00e1rquica construida seg\u00fan el modelo del imperio romano. Los anabautistas se dieron cuenta de que la iglesia en el Nuevo Testamento significa ante todo una comunidad. Ciertamente, existe una \u00abiglesia invisible\u00bb formada por todos los creyentes que ha recibido a Jesucristo como Se\u00f1or a lo largo de todo el mundo y de toda la historia. Pero esos creyentes est\u00e1n llamados por Jes\u00fas a asociarse formando iglesias visibles, que son las comunidades cristianas. La iglesia, como comunidad, es distinta de otras organizaciones humanas, porque se caracteriza por la igualdad, la fraternidad y el servicio mutuo. \u00abLos reyes de las naciones se ense\u00f1orean de ellas, y los que sobre ellas tienen autoridad son llamados bienhechores; pero no as\u00ed\u00ad vosotros, sino que el mayor entre vosotros sea como el m\u00e1s peque\u00f1o, y el que dirige, como el que sirve, pues, \u00bfcu\u00e1l es mayor, el que se sienta a la mesa, o el que sirve? \u00bfNo es el que se sienta a la mesa? Pues yo estoy entre vosotros como el que sirve?\u00bb (Lc 22,25-27).<\/p>\n<p>Evidentemente, a una comunidad as\u00ed\u00ad no se puede pertenecer simplemente por nacimiento. Se necesita haber recibido al Se\u00f1or y desear libremente pertenecer a ella. Por eso los anabautistas subrayaron siempre la necesidad de la fe para el bautismo.<\/p>\n","protected":false},"excerpt":{"rendered":"<p>Se piensa generalmente que el protestantismo equivale a individualismo. Esto puede ser cierto si se habla de ciertas formas de protestantismo, pero no en el&hellip;<\/p>\n","protected":false},"author":3,"featured_media":0,"parent":10,"menu_order":50,"comment_status":"closed","ping_status":"closed","template":"","meta":{"footnotes":""},"class_list":["post-20","page","type-page","status-publish","hentry"],"_links":{"self":[{"href":"https:\/\/anabautistas.org\/index.php?rest_route=\/wp\/v2\/pages\/20"}],"collection":[{"href":"https:\/\/anabautistas.org\/index.php?rest_route=\/wp\/v2\/pages"}],"about":[{"href":"https:\/\/anabautistas.org\/index.php?rest_route=\/wp\/v2\/types\/page"}],"author":[{"embeddable":true,"href":"https:\/\/anabautistas.org\/index.php?rest_route=\/wp\/v2\/users\/3"}],"replies":[{"embeddable":true,"href":"https:\/\/anabautistas.org\/index.php?rest_route=%2Fwp%2Fv2%2Fcomments&post=20"}],"version-history":[{"count":2,"href":"https:\/\/anabautistas.org\/index.php?rest_route=\/wp\/v2\/pages\/20\/revisions"}],"predecessor-version":[{"id":1089,"href":"https:\/\/anabautistas.org\/index.php?rest_route=\/wp\/v2\/pages\/20\/revisions\/1089"}],"up":[{"embeddable":true,"href":"https:\/\/anabautistas.org\/index.php?rest_route=\/wp\/v2\/pages\/10"}],"wp:attachment":[{"href":"https:\/\/anabautistas.org\/index.php?rest_route=%2Fwp%2Fv2%2Fmedia&parent=20"}],"curies":[{"name":"wp","href":"https:\/\/api.w.org\/{rel}","templated":true}]}}