{"id":19,"date":"2007-10-16T15:21:36","date_gmt":"2007-10-16T15:21:36","guid":{"rendered":"http:\/\/anabautistas.org\/portal\/?page_id=19"},"modified":"2021-09-15T07:14:28","modified_gmt":"2021-09-15T07:14:28","slug":"no-violencia","status":"publish","type":"page","link":"https:\/\/anabautistas.org\/?page_id=19","title":{"rendered":"No violencia"},"content":{"rendered":"<p><img loading=\"lazy\" decoding=\"async\" class=\"alignleft\" src=\"https:\/\/anabautistas.org\/noviolencia.jpg\" width=\"158\" height=\"118\" align=\"left\" \/>Dec\u00ed\u00ada un famoso l\u00ed\u00adder hindu\u00ed\u00adsta, el Mahatma Gandhi, que \u00abla \u00fanica gente que no se ha dado cuenta de que el mensaje de Jes\u00fas es no-violento, son los cristianos\u00bb. Siglos de guerras y de persecuciones lideradas por presuntos cristianos confirman tristemente esta observaci\u00f3n. Sin embargo, siempre han existido grupos de cristianos que se han dado cuenta de que el mensaje de Jes\u00fas excluye la violencia. Los anabautistas evang\u00e9licos encontraron que el Nuevo Testamento prohib\u00ed\u00ada cualquier tipo de violencia, y exhortaba incluso a amar a los enemigos.<\/p>\n<p>Cuando Jes\u00fas alude al uso de la espada, es claro que el sentido es metaf\u00f3rico: cuando los disc\u00ed\u00adpulos le presentan dos espadas, Jes\u00fas responde diciendo \u00abbasta\u00bb (Lucas 22:35-38). De acuerdo con el Serm\u00f3n del Monte, el cristiano est\u00e1 llamado a responder al mal con el bien, a bendecir a los que maldicen y a orar por los que le persiguen (Lucas 6:27-36). La espada del cristiano es la Palabra de Dios (Efesios 6:17).<\/p>\n<p>El cristiano acepta que el estado pueda usar la violencia contra los que hacen el mal (nunca contra personas inocentes, como en las guerras modernas). Ahora bien, los anabautistas entendieron que los cristianos no estaban llamados a ser parte del aparato violento del estado, sino a participar de un llamado m\u00e1s alto, consistente en responder al mal con el bien (Romanos 12:9-13:14). La no violencia cristiana no es lo mismo que pasividad ante la injusticia. El cristiano est\u00e1 llamado a buscar medios creativos para acabar con la injusticia y la violencia, aunque estos medios pongan en peligro su vida.<\/p>\n<p>La no violencia cristiana no es un simple pacifismo filos\u00f3fico o \u00e9tico. Nace de la fe en que Dios gu\u00ed\u00ada la historia, y que el testimonio de la entrega pac\u00ed\u00adfica a los dem\u00e1s dar\u00e1 un testimonio fruct\u00ed\u00adfero del amor de Dios, incluso a los que nos persiguen.<\/p>\n","protected":false},"excerpt":{"rendered":"<p>Dec\u00ed\u00ada un famoso l\u00ed\u00adder hindu\u00ed\u00adsta, el Mahatma Gandhi, que \u00abla \u00fanica gente que no se ha dado cuenta de que el mensaje de Jes\u00fas es&hellip;<\/p>\n","protected":false},"author":3,"featured_media":0,"parent":10,"menu_order":40,"comment_status":"closed","ping_status":"closed","template":"","meta":{"footnotes":""},"class_list":["post-19","page","type-page","status-publish","hentry"],"_links":{"self":[{"href":"https:\/\/anabautistas.org\/index.php?rest_route=\/wp\/v2\/pages\/19"}],"collection":[{"href":"https:\/\/anabautistas.org\/index.php?rest_route=\/wp\/v2\/pages"}],"about":[{"href":"https:\/\/anabautistas.org\/index.php?rest_route=\/wp\/v2\/types\/page"}],"author":[{"embeddable":true,"href":"https:\/\/anabautistas.org\/index.php?rest_route=\/wp\/v2\/users\/3"}],"replies":[{"embeddable":true,"href":"https:\/\/anabautistas.org\/index.php?rest_route=%2Fwp%2Fv2%2Fcomments&post=19"}],"version-history":[{"count":2,"href":"https:\/\/anabautistas.org\/index.php?rest_route=\/wp\/v2\/pages\/19\/revisions"}],"predecessor-version":[{"id":1088,"href":"https:\/\/anabautistas.org\/index.php?rest_route=\/wp\/v2\/pages\/19\/revisions\/1088"}],"up":[{"embeddable":true,"href":"https:\/\/anabautistas.org\/index.php?rest_route=\/wp\/v2\/pages\/10"}],"wp:attachment":[{"href":"https:\/\/anabautistas.org\/index.php?rest_route=%2Fwp%2Fv2%2Fmedia&parent=19"}],"curies":[{"name":"wp","href":"https:\/\/api.w.org\/{rel}","templated":true}]}}