{"id":186,"date":"2008-08-22T11:14:22","date_gmt":"2008-08-22T11:14:22","guid":{"rendered":"http:\/\/anabautistas.org\/portal\/?page_id=186"},"modified":"2013-01-29T20:41:17","modified_gmt":"2013-01-29T20:41:17","slug":"4-convicciones-compartidas","status":"publish","type":"page","link":"https:\/\/anabautistas.org\/?page_id=186","title":{"rendered":"Convicciones compartidas"},"content":{"rendered":"<p>Por la gracia de Dios procuramos vivir y proclamar la buena nueva de reconciliaci\u00f3n en Jesucristo. Como parte del cuerpo unido de Cristo en todo tiempo y lugar, declaramos que las siguientes afirmaciones son la esencia de nuestra fe y pr\u00e1ctica:<\/p>\n<p>1. Conocemos a Dios como Padre, Hijo, y Esp\u00ed\u00adritu Santo, el Creador que tiene el prop\u00f3sito de restaurar a la humanidad ca\u00ed\u00adda convocando a un pueblo y llam\u00e1ndolo a ser fiel en fraternidad, adoraci\u00f3n, servicio y testimonio.<\/p>\n<p>2. Jes\u00fas es el Hijo de Dios. Por medio de su vida y ense\u00f1anzas, su cruz y su resurrecci\u00f3n, nos mostr\u00f3 c\u00f3mo ser disc\u00ed\u00adpulos fieles, redimi\u00f3 al mundo, y ofrece vida eterna.<\/p>\n<p>3. Como iglesia, somos una comunidad de aqu\u00e9llos a quienes el Esp\u00ed\u00adritu de Dios llama a abandonar el pecado, reconocer que Jesucristo es Se\u00f1or, recibir el bautismo previa confesi\u00f3n de fe, y seguir a Cristo en la vida.<\/p>\n<p>4. Como comunidad de fe, aceptamos que la Biblia es nuestra autoridad para la fe y la vida, interpret\u00e1ndola juntos bajo la gu\u00ed\u00ada del Esp\u00ed\u00adritu Santo a la luz de Jesucristo, para discernir la voluntad de Dios y obedecerla.<\/p>\n<p>5. El Esp\u00ed\u00adritu de Jes\u00fas nos llena de poder para confiar en Dios en todos los aspectos de la vida, de manera que lleguemos a ser hacedores de paz que renunciamos a la violencia, amamos a nuestros enemigos, procuramos justicia, y compartimos nuestras posesiones con los necesitados.<\/p>\n<p>6. Nos unimos regularmente para adorar, para celebrar la Cena del Se\u00f1or, y para escuchar la Palabra de Dios, dispuestos a dar cuenta unos a otros de nuestros actos.<\/p>\n<p>7. Como familia global de fe y vida transcendemos fronteras de nacionalidad, raza, clase social, g\u00e9nero e idioma, y procuramos vivir en en mundo sin conformarnos a los poderes del mal, dando testimonio de la gracia de Dios por medio del servicio a los dem\u00e1s, cuidando de la creaci\u00f3n, e invitando a toda la humanidad a conocer a Jesucristo como Salvador y Se\u00f1or.<\/p>\n<p>Estas convicciones est\u00e1n inspiradas en la fe de nuestros antepasados, los anabautistas del siglo XVI, quienes dieron ejemplo de ser disc\u00ed\u00adpulos radicales de Jesucristo. Procuramos caminar en su nombre por el poder del Esp\u00ed\u00adritu Santo, esperando confiadamente el regreso de Cristo y el establecimiento definitivo del reino de Dios.<\/p>\n<p><em>Adoptadas por el Consejo General del Congreso Mundial Menonita, el 15 de marzo de 2006.<\/em><\/p>\n","protected":false},"excerpt":{"rendered":"<p>Por la gracia de Dios procuramos vivir y proclamar la buena nueva de reconciliaci\u00f3n en Jesucristo. Como parte del cuerpo unido de Cristo en todo&hellip;<\/p>\n","protected":false},"author":3,"featured_media":0,"parent":46,"menu_order":0,"comment_status":"closed","ping_status":"closed","template":"","meta":{"footnotes":""},"class_list":["post-186","page","type-page","status-publish","hentry"],"_links":{"self":[{"href":"https:\/\/anabautistas.org\/index.php?rest_route=\/wp\/v2\/pages\/186"}],"collection":[{"href":"https:\/\/anabautistas.org\/index.php?rest_route=\/wp\/v2\/pages"}],"about":[{"href":"https:\/\/anabautistas.org\/index.php?rest_route=\/wp\/v2\/types\/page"}],"author":[{"embeddable":true,"href":"https:\/\/anabautistas.org\/index.php?rest_route=\/wp\/v2\/users\/3"}],"replies":[{"embeddable":true,"href":"https:\/\/anabautistas.org\/index.php?rest_route=%2Fwp%2Fv2%2Fcomments&post=186"}],"version-history":[{"count":1,"href":"https:\/\/anabautistas.org\/index.php?rest_route=\/wp\/v2\/pages\/186\/revisions"}],"predecessor-version":[{"id":433,"href":"https:\/\/anabautistas.org\/index.php?rest_route=\/wp\/v2\/pages\/186\/revisions\/433"}],"up":[{"embeddable":true,"href":"https:\/\/anabautistas.org\/index.php?rest_route=\/wp\/v2\/pages\/46"}],"wp:attachment":[{"href":"https:\/\/anabautistas.org\/index.php?rest_route=%2Fwp%2Fv2%2Fmedia&parent=186"}],"curies":[{"name":"wp","href":"https:\/\/api.w.org\/{rel}","templated":true}]}}