{"id":17,"date":"2007-10-16T15:15:07","date_gmt":"2007-10-16T15:15:07","guid":{"rendered":"http:\/\/anabautistas.org\/portal\/?page_id=17"},"modified":"2021-09-15T07:14:00","modified_gmt":"2021-09-15T07:14:00","slug":"cristocentrismo","status":"publish","type":"page","link":"https:\/\/anabautistas.org\/?page_id=17","title":{"rendered":"Cristocentrismo"},"content":{"rendered":"<p><img loading=\"lazy\" decoding=\"async\" class=\"alignleft\" src=\"https:\/\/anabautistas.org\/suender.jpg\" width=\"253\" height=\"128\" align=\"left\" \/>Jes\u00fas, el Mes\u00ed\u00adas, es el centro de la fe cristiana. La iglesia cristiana se edifica sobre Cristo, sobre su persona, sobre su entrega en la cruz, y sobre sus palabras. Como dice Pablo, uno de los primeros seguidores de Jes\u00fas: \u00abnadie puede poner otro fundamento que el que est\u00e1 puesto, el cual es Jesucristo\u00bb (1 Corintios 3:11).<\/p>\n<p>Los primeros anabautistas se tomaron muy en serio el cristocentrismo. Con otros evang\u00e9licos, los anabautistas no aceptaron que la iglesia estuviese fundada sobre el obispo de Roma. El verdadero fundamento de la iglesia es lo que Pedro confes\u00f3: que Jes\u00fas es \u00abel Mes\u00ed\u00adas, el Hijo del Dios viviente\u00bb (Mateo 16:16-17). No s\u00f3lo Pedro, sino todos los creyentes recibieron la potestad de \u00abatar y desatar\u00bb, para restaurar a los ca\u00ed\u00addos y organizarse en iglesias (Mateo 18:15-22)<\/p>\n<p>El cristocentrismo se refiere tambi\u00e9n a la interpretaci\u00f3n de las Escrituras. Para los anabautistas, la Escritura se tiene que interpretar en comunidad, y bajo la gu\u00ed\u00ada del Esp\u00ed\u00adritu. No basta una lectura individual o erudita. Es verdad que la Escritura tiene pasajes dif\u00ed\u00adciles de entender. En estos casos, los anabautistas siempre pensaron que el criterio definitivo para interpretar la Escritura es Jes\u00fas. As\u00ed\u00ad, por ejemplo, si en el Antiguo Testamento se encuentran textos que admiten la violencia, pero Jes\u00fas llama a la no-violencia, hay que obedecer a Jes\u00fas.<\/p>\n","protected":false},"excerpt":{"rendered":"<p>Jes\u00fas, el Mes\u00ed\u00adas, es el centro de la fe cristiana. La iglesia cristiana se edifica sobre Cristo, sobre su persona, sobre su entrega en la&hellip;<\/p>\n","protected":false},"author":3,"featured_media":0,"parent":10,"menu_order":20,"comment_status":"closed","ping_status":"closed","template":"","meta":{"footnotes":""},"class_list":["post-17","page","type-page","status-publish","hentry"],"_links":{"self":[{"href":"https:\/\/anabautistas.org\/index.php?rest_route=\/wp\/v2\/pages\/17"}],"collection":[{"href":"https:\/\/anabautistas.org\/index.php?rest_route=\/wp\/v2\/pages"}],"about":[{"href":"https:\/\/anabautistas.org\/index.php?rest_route=\/wp\/v2\/types\/page"}],"author":[{"embeddable":true,"href":"https:\/\/anabautistas.org\/index.php?rest_route=\/wp\/v2\/users\/3"}],"replies":[{"embeddable":true,"href":"https:\/\/anabautistas.org\/index.php?rest_route=%2Fwp%2Fv2%2Fcomments&post=17"}],"version-history":[{"count":2,"href":"https:\/\/anabautistas.org\/index.php?rest_route=\/wp\/v2\/pages\/17\/revisions"}],"predecessor-version":[{"id":1086,"href":"https:\/\/anabautistas.org\/index.php?rest_route=\/wp\/v2\/pages\/17\/revisions\/1086"}],"up":[{"embeddable":true,"href":"https:\/\/anabautistas.org\/index.php?rest_route=\/wp\/v2\/pages\/10"}],"wp:attachment":[{"href":"https:\/\/anabautistas.org\/index.php?rest_route=%2Fwp%2Fv2%2Fmedia&parent=17"}],"curies":[{"name":"wp","href":"https:\/\/api.w.org\/{rel}","templated":true}]}}