{"id":16,"date":"2007-10-16T15:12:40","date_gmt":"2007-10-16T15:12:40","guid":{"rendered":"http:\/\/anabautistas.org\/portal\/?page_id=16"},"modified":"2021-09-15T07:13:19","modified_gmt":"2021-09-15T07:13:19","slug":"5-la-nueva-vida","status":"publish","type":"page","link":"https:\/\/anabautistas.org\/?page_id=16","title":{"rendered":"5. La nueva vida"},"content":{"rendered":"<p><img loading=\"lazy\" decoding=\"async\" class=\"alignleft\" src=\"https:\/\/anabautistas.org\/vidanueva.jpg\" width=\"188\" height=\"145\" align=\"left\" \/>Cuando recibes a Jes\u00fas en tu coraz\u00f3n, te conviertes en un hijo o hija de Dios, y comienzas ya ahora una vida que es eterna. Como dice la Escritura: \u00abtodo aqu\u00e9l que invocare el nombre del Se\u00f1or, ser\u00e1 salvo\u00bb (Romanos 10:13).<\/p>\n<p>Para vivir la nueva vida, Dios envi\u00f3 su Esp\u00ed\u00adritu, que ayuda a vivir a los creyentes seg\u00fan su plan. Los creyentes se asocian en una familia, llamada iglesia. En esa familia, Dios comienza a restaurar la creaci\u00f3n, y a realizar sus planes para toda la humanidad.<\/p>\n<p>Jes\u00fas nos dice c\u00f3mo viven, con la ayuda de su Esp\u00ed\u00adritu, los nuevos creyentes. Para conocer el mensaje de Jes\u00fas, tienes que leerlo t\u00fa mismo. Te recomendamos comenzar por el Serm\u00f3n del Monte, que puedes encontrar en el Evangelio de Mateo, desde el cap\u00ed\u00adtulo 5 hasta el cap\u00ed\u00adtulo 7, inclusive.<\/p>\n<p>Para llevar una vida de plenitud y bienaventuraza, tienes que orar diariamente y leer la Biblia. Tambi\u00e9n tienes que comunicar a otros lo que Dios ha hecho por ti. Para realizar todo esto, necesitas el compa\u00f1erismo y la ayuda de otros creyentes. Por eso tienes que buscar cuanto antes una iglesia cristiana. Evita las sectas y las religiones, y busca simplemente una iglesia donde se predique a Cristo y donde se ense\u00f1e la Biblia.<\/p>\n<p>Si quieres conocernos a nosotros, no dudes en contactarnos. Estamos deseosos de poder ayudarte a <a href=\"http:\/\/anabautistas.org\/?page_id=21\">seguir a Cristo con autenticidad y radicalidad<\/a>. Es la mejor vida.<\/p>\n","protected":false},"excerpt":{"rendered":"<p>Cuando recibes a Jes\u00fas en tu coraz\u00f3n, te conviertes en un hijo o hija de Dios, y comienzas ya ahora una vida que es eterna.&hellip;<\/p>\n","protected":false},"author":3,"featured_media":0,"parent":36,"menu_order":0,"comment_status":"closed","ping_status":"closed","template":"","meta":{"footnotes":""},"class_list":["post-16","page","type-page","status-publish","hentry"],"_links":{"self":[{"href":"https:\/\/anabautistas.org\/index.php?rest_route=\/wp\/v2\/pages\/16"}],"collection":[{"href":"https:\/\/anabautistas.org\/index.php?rest_route=\/wp\/v2\/pages"}],"about":[{"href":"https:\/\/anabautistas.org\/index.php?rest_route=\/wp\/v2\/types\/page"}],"author":[{"embeddable":true,"href":"https:\/\/anabautistas.org\/index.php?rest_route=\/wp\/v2\/users\/3"}],"replies":[{"embeddable":true,"href":"https:\/\/anabautistas.org\/index.php?rest_route=%2Fwp%2Fv2%2Fcomments&post=16"}],"version-history":[{"count":2,"href":"https:\/\/anabautistas.org\/index.php?rest_route=\/wp\/v2\/pages\/16\/revisions"}],"predecessor-version":[{"id":1084,"href":"https:\/\/anabautistas.org\/index.php?rest_route=\/wp\/v2\/pages\/16\/revisions\/1084"}],"up":[{"embeddable":true,"href":"https:\/\/anabautistas.org\/index.php?rest_route=\/wp\/v2\/pages\/36"}],"wp:attachment":[{"href":"https:\/\/anabautistas.org\/index.php?rest_route=%2Fwp%2Fv2%2Fmedia&parent=16"}],"curies":[{"name":"wp","href":"https:\/\/api.w.org\/{rel}","templated":true}]}}