{"id":14,"date":"2007-10-16T15:08:00","date_gmt":"2007-10-16T15:08:00","guid":{"rendered":"http:\/\/anabautistas.org\/portal\/?page_id=14"},"modified":"2021-09-15T07:12:47","modified_gmt":"2021-09-15T07:12:47","slug":"3-la-solucion-de-dios","status":"publish","type":"page","link":"https:\/\/anabautistas.org\/?page_id=14","title":{"rendered":"3. La soluci\u00f3n de Dios"},"content":{"rendered":"<p><img loading=\"lazy\" decoding=\"async\" class=\"alignleft\" src=\"https:\/\/anabautistas.org\/cruz.jpg\" width=\"125\" height=\"222\" align=\"left\" \/>La soluci\u00f3n de Dios consisti\u00f3 en venir \u00e9l mismo a nuestro encuentro. La Biblia nos narra la historia de los diferentes pasos que Dios fue dando para recuperar la comuni\u00f3n con nosotros. Es lo que podemos leer en los libros del Antiguo Testamento, que forman la primera parte de la Biblia. En estos libros se nos ense\u00f1a tambi\u00e9n c\u00f3mo el pueblo de Israel fue ense\u00f1ado por Dios a esperar a un Mes\u00ed\u00adas que ser\u00ed\u00ada el Salvador de toda la humanidad.<\/p>\n<p>La historia de Dios con Israel lleg\u00f3 a su plenitud cuando Dios mismo se encarn\u00f3 en Jes\u00fas, el Mes\u00ed\u00adas (esto es lo que significa \u00abJesucristo\u00bb), y se entreg\u00f3 a s\u00ed\u00ad mismo por nosotros. Los cristianos llamamos a Jes\u00fas \u00abHijo de Dios\u00bb, porque pensamos que en \u00e9l Dios mismo se hizo presente en la historia, tomando la condici\u00f3n de un ser humano.<\/p>\n<p>Jes\u00fas, con su vida, nos ense\u00f1\u00f3 c\u00f3mo vivir una vida abundante, con la ayuda de su Esp\u00ed\u00adritu. En lugar de optar por la violencia, Jes\u00fas decidi\u00f3 romper los c\u00ed\u00adrculos opresivos de la venganza y el resentimiento. La muerte de Jes\u00fas en la cruz fue el sacrificio en el que Dios mismo carg\u00f3 con nuestros pecados, para reconciliarnos definitivamente con \u00ed\u2030l. La resurrecci\u00f3n de Jes\u00fas nos muestra que \u00e9l era realmente Dios, y nos abre a una esperanza que no se acaba.<\/p>\n<p>Como escribi\u00f3 Pablo, uno de sus primeros disc\u00ed\u00adpulos: \u00abDios estaba en Cristo reconciliando consigo al mundo, no tom\u00e1ndoles en cuenta a los hombres sus pecados, y nos encarg\u00f3 a nosotros la palabra de la reconciliaci\u00f3n. As\u00ed\u00ad que somos embajadores en nombre de Cristo, como si Dios rogase por medio de nosotros; os rogamos en nombre de Cristo: reconciliaos con Dios. Al que no conoci\u00f3 pecado, por nosotros lo hizo pecado, para que nosotros fu\u00e9semos hechos justicia de Dios en \u00e9l\u00bb (2 Corintios 5:19-21).<\/p>\n<p>\u00bfQuieres recibir la salvaci\u00f3n y la nueva vida que posibilita Jes\u00fas? \u00bfQuieres reconciliarte con Dios? \u00bfQuieres comenzar la mejor etapa de tu vida? Merece la pena probarlo, de veras. <strong><a href=\"http:\/\/anabautistas.org\/?page_id=15\">La decisi\u00f3n es tuya<\/a><\/strong>.<\/p>\n","protected":false},"excerpt":{"rendered":"<p>La soluci\u00f3n de Dios consisti\u00f3 en venir \u00e9l mismo a nuestro encuentro. La Biblia nos narra la historia de los diferentes pasos que Dios fue&hellip;<\/p>\n","protected":false},"author":3,"featured_media":0,"parent":36,"menu_order":0,"comment_status":"closed","ping_status":"closed","template":"","meta":{"footnotes":""},"class_list":["post-14","page","type-page","status-publish","hentry"],"_links":{"self":[{"href":"https:\/\/anabautistas.org\/index.php?rest_route=\/wp\/v2\/pages\/14"}],"collection":[{"href":"https:\/\/anabautistas.org\/index.php?rest_route=\/wp\/v2\/pages"}],"about":[{"href":"https:\/\/anabautistas.org\/index.php?rest_route=\/wp\/v2\/types\/page"}],"author":[{"embeddable":true,"href":"https:\/\/anabautistas.org\/index.php?rest_route=\/wp\/v2\/users\/3"}],"replies":[{"embeddable":true,"href":"https:\/\/anabautistas.org\/index.php?rest_route=%2Fwp%2Fv2%2Fcomments&post=14"}],"version-history":[{"count":2,"href":"https:\/\/anabautistas.org\/index.php?rest_route=\/wp\/v2\/pages\/14\/revisions"}],"predecessor-version":[{"id":1082,"href":"https:\/\/anabautistas.org\/index.php?rest_route=\/wp\/v2\/pages\/14\/revisions\/1082"}],"up":[{"embeddable":true,"href":"https:\/\/anabautistas.org\/index.php?rest_route=\/wp\/v2\/pages\/36"}],"wp:attachment":[{"href":"https:\/\/anabautistas.org\/index.php?rest_route=%2Fwp%2Fv2%2Fmedia&parent=14"}],"curies":[{"name":"wp","href":"https:\/\/api.w.org\/{rel}","templated":true}]}}