{"id":13,"date":"2007-10-16T15:05:36","date_gmt":"2007-10-16T15:05:36","guid":{"rendered":"http:\/\/anabautistas.org\/portal\/?page_id=13"},"modified":"2021-09-15T07:12:31","modified_gmt":"2021-09-15T07:12:31","slug":"2-el-problema-del-ser-humano","status":"publish","type":"page","link":"https:\/\/anabautistas.org\/?page_id=13","title":{"rendered":"2. El problema del ser humano"},"content":{"rendered":"<p><img loading=\"lazy\" decoding=\"async\" class=\"alignleft\" src=\"https:\/\/anabautistas.org\/nuevobecerro.jpg\" width=\"172\" height=\"128\" align=\"left\" \/>El mundo que conocemos est\u00e1 atravesado por guerras, injusticias, y opresi\u00f3n. Basta echar una ojeada en torno nuestro para darnos cuenta de c\u00f3mo el dolor, la falta de sentido, la ira, la tristeza y la falta de perd\u00f3n afectan y destruyen la vida de tantas personas. Cuando queremos encontrar una explicaci\u00f3n para todo esto, lo normal es echarle la culpa a los dem\u00e1s: ciertas personas son las culpables de nuestra situaci\u00f3n: los l\u00ed\u00adderes mundiales, nuestros vecinos, nuestros jefes, nuestros familiares, las estructuras, etc.<\/p>\n<p>Pero todas estas explicaciones, con lo que puedan tener de verdadero, suelen servirnos para pasar por alto algo muy importante: nosotros mismos, cada uno de nosotros, somos parte del problema. Hay algo en nosotros que est\u00e1 mal, y que no nos permite vivir seg\u00fan el plan de Dios para nuestras vidas. Como dice la Escritura: \u00abtodos pecaron, y est\u00e1n destituidos de la gloria de Dios\u00bb (Romanos 3:23).<\/p>\n<p>La Escritura llama a esta situaci\u00f3n pecado. Muchos han sido educados a pensar que el pecado es simplemente una falta moral. No se trata de eso. El pecado es algo mucho m\u00e1s profundo. El pecado consiste en habernos convertido a nosotros mismos en el centro de nuestras vidas. Nos hemos sentado a nosotros mismos en el trono de nuestro propio coraz\u00f3n. Y esto, en lugar de traernos la felicidad que el mundo nos promete, solamente nos trae soledad y tristeza. Por eso nos encontramos \u00absin esperanza y sin Dios en el mundo\u00bb (Efesios 2:12).<\/p>\n<p>La Biblia ense\u00f1a que todos los problemas del ser humano tienen \u00faltimamente su ra\u00ed\u00adz en el pecado. Todos los intentos de salir de esa situaci\u00f3n, mientras sean intentos nuestros, no superan el problema principal, porque seguimos siendo el centro de nuestro propio coraz\u00f3n. Sin embargo, <strong><a href=\"http:\/\/anabautistas.org\/?page_id=14\">Dios tiene una soluci\u00f3n<\/a><\/strong>.<\/p>\n","protected":false},"excerpt":{"rendered":"<p>El mundo que conocemos est\u00e1 atravesado por guerras, injusticias, y opresi\u00f3n. Basta echar una ojeada en torno nuestro para darnos cuenta de c\u00f3mo el dolor,&hellip;<\/p>\n","protected":false},"author":3,"featured_media":0,"parent":36,"menu_order":0,"comment_status":"closed","ping_status":"closed","template":"","meta":{"footnotes":""},"class_list":["post-13","page","type-page","status-publish","hentry"],"_links":{"self":[{"href":"https:\/\/anabautistas.org\/index.php?rest_route=\/wp\/v2\/pages\/13"}],"collection":[{"href":"https:\/\/anabautistas.org\/index.php?rest_route=\/wp\/v2\/pages"}],"about":[{"href":"https:\/\/anabautistas.org\/index.php?rest_route=\/wp\/v2\/types\/page"}],"author":[{"embeddable":true,"href":"https:\/\/anabautistas.org\/index.php?rest_route=\/wp\/v2\/users\/3"}],"replies":[{"embeddable":true,"href":"https:\/\/anabautistas.org\/index.php?rest_route=%2Fwp%2Fv2%2Fcomments&post=13"}],"version-history":[{"count":2,"href":"https:\/\/anabautistas.org\/index.php?rest_route=\/wp\/v2\/pages\/13\/revisions"}],"predecessor-version":[{"id":1081,"href":"https:\/\/anabautistas.org\/index.php?rest_route=\/wp\/v2\/pages\/13\/revisions\/1081"}],"up":[{"embeddable":true,"href":"https:\/\/anabautistas.org\/index.php?rest_route=\/wp\/v2\/pages\/36"}],"wp:attachment":[{"href":"https:\/\/anabautistas.org\/index.php?rest_route=%2Fwp%2Fv2%2Fmedia&parent=13"}],"curies":[{"name":"wp","href":"https:\/\/api.w.org\/{rel}","templated":true}]}}