{"id":12,"date":"2007-10-16T15:03:20","date_gmt":"2007-10-16T15:03:20","guid":{"rendered":"http:\/\/anabautistas.org\/portal\/?page_id=12"},"modified":"2021-09-15T07:12:14","modified_gmt":"2021-09-15T07:12:14","slug":"1-el-plan-de-dios","status":"publish","type":"page","link":"https:\/\/anabautistas.org\/?page_id=12","title":{"rendered":"1. El plan de Dios"},"content":{"rendered":"<p><img loading=\"lazy\" decoding=\"async\" class=\"alignleft\" src=\"https:\/\/anabautistas.org\/sierramadrid.jpg\" width=\"208\" height=\"155\" align=\"left\" \/>La fe cristiana afirma que Dios cre\u00f3 todas las cosas. Esto es lo que significa la expresi\u00f3n hebrea \u00aben el principio cre\u00f3 Dios los cielos y la tierra\u00bb (G\u00e9nesis 1:1).<\/p>\n<p>En ocasiones se ha dicho que la teor\u00ed\u00ada de la evoluci\u00f3n de Darwin contradice la fe cristiana en la creaci\u00f3n. En realidad, las verdades que encuentra la ciencia no se oponen a la fe. Lo que sucede es que la fe cristiana sostiene algunas verdades que van m\u00e1s all\u00e1 de lo que los cient\u00ed\u00adficos pueden explicar. Piensa solamente lo siguiente: \u00bfpor qu\u00e9 hay algo en lugar de no haber absolutamente nada?<\/p>\n<p>\u00bfPor qu\u00e9 existe un universo tan maravilloso como el nuestro? \u00bfQui\u00e9n quiso que el mundo pudiera llegar a ser lo que es? \u00bfDe d\u00f3nde viene la belleza que observamos en la naturaleza? La Biblia sostiene que si hay algo en lugar de no haber nada, es porque Dios lo ha querido. Dios es el que puede hacer que lo que no es llegue a ser (Romanos 4:17).<\/p>\n<p>Dios cre\u00f3 todas las cosas con el fin de tener una relaci\u00f3n viva y amorosa con cada uno de nosotros. Contigo tambi\u00e9n. Como dice la Escritura: \u00abPorque de tal manera am\u00f3 Dios al mundo, que ha dado a su Hijo unig\u00e9nito, para que todo aqu\u00e9l que en \u00e9l cree no se pierda, mas tenga vida eterna. Porque no envi\u00f3 Dios a su Hijo para condenar al mundo, sino para que el mundo sea salvo por \u00e9l\u00bb (Juan 3:16-17).<\/p>\n<p>Sin embargo, el mundo no refleja la gloria del maravilloso Dios que lo ha creado, ni cumple su plan. Ello se debe a que el <strong><a href=\"http:\/\/anabautistas.org\/?page_id=13\">ser humano tiene un problema que le aparta de Dios<\/a><\/strong>.<\/p>\n","protected":false},"excerpt":{"rendered":"<p>La fe cristiana afirma que Dios cre\u00f3 todas las cosas. Esto es lo que significa la expresi\u00f3n hebrea \u00aben el principio cre\u00f3 Dios los cielos&hellip;<\/p>\n","protected":false},"author":3,"featured_media":0,"parent":36,"menu_order":0,"comment_status":"closed","ping_status":"closed","template":"","meta":{"footnotes":""},"class_list":["post-12","page","type-page","status-publish","hentry"],"_links":{"self":[{"href":"https:\/\/anabautistas.org\/index.php?rest_route=\/wp\/v2\/pages\/12"}],"collection":[{"href":"https:\/\/anabautistas.org\/index.php?rest_route=\/wp\/v2\/pages"}],"about":[{"href":"https:\/\/anabautistas.org\/index.php?rest_route=\/wp\/v2\/types\/page"}],"author":[{"embeddable":true,"href":"https:\/\/anabautistas.org\/index.php?rest_route=\/wp\/v2\/users\/3"}],"replies":[{"embeddable":true,"href":"https:\/\/anabautistas.org\/index.php?rest_route=%2Fwp%2Fv2%2Fcomments&post=12"}],"version-history":[{"count":2,"href":"https:\/\/anabautistas.org\/index.php?rest_route=\/wp\/v2\/pages\/12\/revisions"}],"predecessor-version":[{"id":1080,"href":"https:\/\/anabautistas.org\/index.php?rest_route=\/wp\/v2\/pages\/12\/revisions\/1080"}],"up":[{"embeddable":true,"href":"https:\/\/anabautistas.org\/index.php?rest_route=\/wp\/v2\/pages\/36"}],"wp:attachment":[{"href":"https:\/\/anabautistas.org\/index.php?rest_route=%2Fwp%2Fv2%2Fmedia&parent=12"}],"curies":[{"name":"wp","href":"https:\/\/api.w.org\/{rel}","templated":true}]}}