{"id":1148,"date":"2021-09-15T13:26:21","date_gmt":"2021-09-15T13:26:21","guid":{"rendered":"https:\/\/anabautistas.org\/?page_id=1148"},"modified":"2021-09-16T14:17:48","modified_gmt":"2021-09-16T14:17:48","slug":"servicio","status":"publish","type":"page","link":"https:\/\/anabautistas.org\/?page_id=1148","title":{"rendered":"Servicio"},"content":{"rendered":"\r\n<p><a href=\"https:\/\/anabautistas.org\/wp-content\/uploads\/2021\/09\/Abreu-Josue-Mercy-2019-300x206-1.jpg\"><img loading=\"lazy\" decoding=\"async\" class=\"size-full wp-image-1237 alignleft\" src=\"https:\/\/anabautistas.org\/wp-content\/uploads\/2021\/09\/Abreu-Josue-Mercy-2019-300x206-1.jpg\" alt=\"\" width=\"300\" height=\"206\" \/><\/a>En distintas maneras las comunidades de los Hermanos en Cristo tratamos de servir a quienes nos rodean. Aqu\u00ed puedes ver m\u00e1s informaci\u00f3n:<\/p>\r\n\r\n\n<!-- Page-list plugin v.5.6 wordpress.org\/plugins\/page-list\/ -->\n<ul class=\"page-list subpages-page-list \">\n<li class=\"page_item page-item-1153\"><a href=\"https:\/\/anabautistas.org\/?page_id=1153\">Evangelizaci\u00f3n<\/a><\/li>\n<li class=\"page_item page-item-1142\"><a href=\"https:\/\/anabautistas.org\/?page_id=1142\">Servicio social<\/a><\/li>\n\n<\/ul>\r\n<hr \/>\r\n<p>&nbsp;<\/p>","protected":false},"excerpt":{"rendered":"<p>En distintas maneras las comunidades de los Hermanos en Cristo tratamos de servir a quienes nos rodean. Aqu\u00ed puedes ver m\u00e1s informaci\u00f3n: &nbsp;<\/p>\n","protected":false},"author":3,"featured_media":0,"parent":0,"menu_order":0,"comment_status":"closed","ping_status":"closed","template":"","meta":{"footnotes":""},"class_list":["post-1148","page","type-page","status-publish","hentry"],"_links":{"self":[{"href":"https:\/\/anabautistas.org\/index.php?rest_route=\/wp\/v2\/pages\/1148"}],"collection":[{"href":"https:\/\/anabautistas.org\/index.php?rest_route=\/wp\/v2\/pages"}],"about":[{"href":"https:\/\/anabautistas.org\/index.php?rest_route=\/wp\/v2\/types\/page"}],"author":[{"embeddable":true,"href":"https:\/\/anabautistas.org\/index.php?rest_route=\/wp\/v2\/users\/3"}],"replies":[{"embeddable":true,"href":"https:\/\/anabautistas.org\/index.php?rest_route=%2Fwp%2Fv2%2Fcomments&post=1148"}],"version-history":[{"count":12,"href":"https:\/\/anabautistas.org\/index.php?rest_route=\/wp\/v2\/pages\/1148\/revisions"}],"predecessor-version":[{"id":1238,"href":"https:\/\/anabautistas.org\/index.php?rest_route=\/wp\/v2\/pages\/1148\/revisions\/1238"}],"wp:attachment":[{"href":"https:\/\/anabautistas.org\/index.php?rest_route=%2Fwp%2Fv2%2Fmedia&parent=1148"}],"curies":[{"name":"wp","href":"https:\/\/api.w.org\/{rel}","templated":true}]}}