{"id":1142,"date":"2021-09-15T12:10:56","date_gmt":"2021-09-15T12:10:56","guid":{"rendered":"https:\/\/anabautistas.org\/?page_id=1142"},"modified":"2021-10-22T04:33:36","modified_gmt":"2021-10-22T04:33:36","slug":"servicio-social","status":"publish","type":"page","link":"https:\/\/anabautistas.org\/?page_id=1142","title":{"rendered":"Servicio social"},"content":{"rendered":"<p><a href=\"https:\/\/anabautistas.org\/wp-content\/uploads\/2021\/09\/packing-lunches1.webp\"><img loading=\"lazy\" decoding=\"async\" class=\"size-medium wp-image-1145 alignleft\" src=\"https:\/\/anabautistas.org\/wp-content\/uploads\/2021\/09\/packing-lunches1-300x225.webp\" alt=\"\" width=\"300\" height=\"225\" srcset=\"https:\/\/anabautistas.org\/wp-content\/uploads\/2021\/09\/packing-lunches1-300x225.webp 300w, https:\/\/anabautistas.org\/wp-content\/uploads\/2021\/09\/packing-lunches1.webp 426w\" sizes=\"(max-width: 300px) 100vw, 300px\" \/><\/a>Las comunidades de los hermanos en Cristo de Espa\u00f1a siempre hemos tenido un deseo de servir a los m\u00e1s necesitados, seg\u00fan el modelo de Jes\u00fas. La comunidad de C\u00edrculo de Esperanza sale por las calles de Madrid a repartir alimento y bebidas calientes a las personas sin techo. Este proyecto se interrumpi\u00f3 durante la pandemia, pero se ha vuelto a retomar. El objetivo es bendecir integralmente a las personas, tocando sus necesidades f\u00edsicas, y tambi\u00e9n ps\u00edquicas y espirituales. Tambi\u00e9n en el interior de las iglesias hemos cuidado unos de otros, ayudando con v\u00edveres, o compartiendo la vivienda en tiempos de necesidad.<\/p>\r\n<p>Aunque nuestra iglesia tiene escasos recursos, hemos podido ayudar a muchas personas afectadas por la crisis. En esto hemos contado con la ayuda de otras iglesias hermanas, fuera de Espa\u00f1a, que han aportado fondos para que podamos servir a los que m\u00e1s lo necesitan, sin acepci\u00f3n de personas.<\/p>\r\n<p>Si necesitas m\u00e1s informaci\u00f3n, o quieres colaborar, no dudes <a href=\"https:\/\/anabautistas.org\/?page_id=786\">contactar con alguna de nuestras comunidades<\/a>.<\/p>\r\n\r\n<p>&nbsp;<\/p>\r\n","protected":false},"excerpt":{"rendered":"<p>Las comunidades de los hermanos en Cristo de Espa\u00f1a siempre hemos tenido un deseo de servir a los m\u00e1s necesitados, seg\u00fan el modelo de Jes\u00fas.&hellip;<\/p>\n","protected":false},"author":3,"featured_media":0,"parent":1148,"menu_order":0,"comment_status":"closed","ping_status":"closed","template":"","meta":{"footnotes":""},"class_list":["post-1142","page","type-page","status-publish","hentry"],"_links":{"self":[{"href":"https:\/\/anabautistas.org\/index.php?rest_route=\/wp\/v2\/pages\/1142"}],"collection":[{"href":"https:\/\/anabautistas.org\/index.php?rest_route=\/wp\/v2\/pages"}],"about":[{"href":"https:\/\/anabautistas.org\/index.php?rest_route=\/wp\/v2\/types\/page"}],"author":[{"embeddable":true,"href":"https:\/\/anabautistas.org\/index.php?rest_route=\/wp\/v2\/users\/3"}],"replies":[{"embeddable":true,"href":"https:\/\/anabautistas.org\/index.php?rest_route=%2Fwp%2Fv2%2Fcomments&post=1142"}],"version-history":[{"count":6,"href":"https:\/\/anabautistas.org\/index.php?rest_route=\/wp\/v2\/pages\/1142\/revisions"}],"predecessor-version":[{"id":1243,"href":"https:\/\/anabautistas.org\/index.php?rest_route=\/wp\/v2\/pages\/1142\/revisions\/1243"}],"up":[{"embeddable":true,"href":"https:\/\/anabautistas.org\/index.php?rest_route=\/wp\/v2\/pages\/1148"}],"wp:attachment":[{"href":"https:\/\/anabautistas.org\/index.php?rest_route=%2Fwp%2Fv2%2Fmedia&parent=1142"}],"curies":[{"name":"wp","href":"https:\/\/api.w.org\/{rel}","templated":true}]}}