{"id":1092,"date":"2021-09-15T07:25:18","date_gmt":"2021-09-15T07:25:18","guid":{"rendered":"https:\/\/anabautistas.org\/?page_id=1092"},"modified":"2021-09-16T07:35:29","modified_gmt":"2021-09-16T07:35:29","slug":"ahora-entiendo-el-evangelio","status":"publish","type":"page","link":"https:\/\/anabautistas.org\/?page_id=1092","title":{"rendered":"Ahora entiendo el evangelio"},"content":{"rendered":"<p><a href=\"https:\/\/anabautistas.org\/wp-content\/uploads\/2021\/09\/41-17XlWiL.jpg\"><img loading=\"lazy\" decoding=\"async\" class=\"size-medium wp-image-1093 alignleft\" src=\"https:\/\/anabautistas.org\/wp-content\/uploads\/2021\/09\/41-17XlWiL-211x300.jpg\" alt=\"\" width=\"211\" height=\"300\" srcset=\"https:\/\/anabautistas.org\/wp-content\/uploads\/2021\/09\/41-17XlWiL-211x300.jpg 211w, https:\/\/anabautistas.org\/wp-content\/uploads\/2021\/09\/41-17XlWiL.jpg 351w\" sizes=\"(max-width: 211px) 100vw, 211px\" \/><\/a>\u00bfQu\u00e9 significa el t\u00e9rmino \u00abevangelio\u00bb? A pesar de su uso frecuente, se suele desconocer el verdadero significado de la expresi\u00f3n. El evangelio no es lo que a veces se ha llamado el \u00abplan de salvaci\u00f3n\u00bb, ni es tampoco una moral. El evangelio habla del reinado de Dios, y de lo que Dios ha hecho por medio del Mes\u00edas.<\/p>\n<p>Se trata de un material pensado para ser usado tanto individualmente como en grupos, y a\u00f1ade una secci\u00f3n de preguntas para el di\u00e1logo al final de cada cap\u00edtulo.<\/p>\n<p>El libro se puede adquirir en<a href=\"https:\/\/www.amazon.es\/Ahora-entiendo-evangelio-Antonio-Gonz%C3%A1lez\/dp\/1079923519\/ref=sr_1_1?__mk_es_ES=%C3%85M%C3%85%C5%BD%C3%95%C3%91&amp;dchild=1&amp;keywords=Ahora+entiendo+el+evangelio&amp;qid=1631690293&amp;sr=8-1\" target=\"_blank\" rel=\"noopener\"> Amazon<\/a>.<\/p>\n<hr \/>\n<p>&nbsp;<\/p>\n","protected":false},"excerpt":{"rendered":"<p>\u00bfQu\u00e9 significa el t\u00e9rmino \u00abevangelio\u00bb? A pesar de su uso frecuente, se suele desconocer el verdadero significado de la expresi\u00f3n. El evangelio no es lo&hellip;<\/p>\n","protected":false},"author":3,"featured_media":0,"parent":43,"menu_order":0,"comment_status":"closed","ping_status":"closed","template":"","meta":{"footnotes":""},"class_list":["post-1092","page","type-page","status-publish","hentry"],"_links":{"self":[{"href":"https:\/\/anabautistas.org\/index.php?rest_route=\/wp\/v2\/pages\/1092"}],"collection":[{"href":"https:\/\/anabautistas.org\/index.php?rest_route=\/wp\/v2\/pages"}],"about":[{"href":"https:\/\/anabautistas.org\/index.php?rest_route=\/wp\/v2\/types\/page"}],"author":[{"embeddable":true,"href":"https:\/\/anabautistas.org\/index.php?rest_route=\/wp\/v2\/users\/3"}],"replies":[{"embeddable":true,"href":"https:\/\/anabautistas.org\/index.php?rest_route=%2Fwp%2Fv2%2Fcomments&post=1092"}],"version-history":[{"count":6,"href":"https:\/\/anabautistas.org\/index.php?rest_route=\/wp\/v2\/pages\/1092\/revisions"}],"predecessor-version":[{"id":1207,"href":"https:\/\/anabautistas.org\/index.php?rest_route=\/wp\/v2\/pages\/1092\/revisions\/1207"}],"up":[{"embeddable":true,"href":"https:\/\/anabautistas.org\/index.php?rest_route=\/wp\/v2\/pages\/43"}],"wp:attachment":[{"href":"https:\/\/anabautistas.org\/index.php?rest_route=%2Fwp%2Fv2%2Fmedia&parent=1092"}],"curies":[{"name":"wp","href":"https:\/\/api.w.org\/{rel}","templated":true}]}}